{"id":9816,"date":"2025-03-07T08:36:51","date_gmt":"2025-03-07T07:36:51","guid":{"rendered":"https:\/\/www.ffpjp25.com\/?page_id=9816"},"modified":"2025-12-29T09:27:30","modified_gmt":"2025-12-29T08:27:30","slug":"feuilles-dinscription-championnat","status":"publish","type":"page","link":"https:\/\/www.ffpjp25.com\/index.php\/feuilles-dinscription-championnat\/","title":{"rendered":"Feuilles d&rsquo;inscriptions Championnats"},"content":{"rendered":"\n<figure class=\"wp-block-table is-style-stripes has-medium-font-size\"><table class=\"has-black-color has-pale-cyan-blue-background-color has-text-color has-background has-link-color has-fixed-layout\"><thead><tr><th class=\"has-text-align-center\" data-align=\"center\">Chpts T\u00eate \u00e0 T\u00eate<\/th><th class=\"has-text-align-center\" data-align=\"center\">Chpts Doublette<\/th><th class=\"has-text-align-center\" data-align=\"center\">Chpts Triplette<\/th><\/tr><\/thead><tbody><tr><td class=\"has-text-align-center\" data-align=\"center\">Tir de pr\u00e9cision Junior<\/td><td class=\"has-text-align-center\" data-align=\"center\"><a href=\"https:\/\/www.ffpjp25.com\/chpts\/cd25\/Feuilles_Inscriptions\/Feuille_inscription_Championnat_Doubl_Masculin.pdf\" target=\"_blank\" rel=\"noreferrer noopener\">Masculin<\/a><\/td><td class=\"has-text-align-center\" data-align=\"center\"><a href=\"https:\/\/www.ffpjp25.com\/chpts\/cd25\/Feuilles_Inscriptions\/Feuille_inscription_Championnat_Tripl_Masculin.pdf\" target=\"_blank\" rel=\"noreferrer noopener\">Masculin<\/a><\/td><\/tr><tr><td class=\"has-text-align-center\" data-align=\"center\"><a href=\"https:\/\/www.ffpjp25.com\/chpts\/cd25\/Feuilles_Inscriptions\/Feuille_inscription_Championnat_TaT_Masculin.pdf\" target=\"_blank\" rel=\"noreferrer noopener\">Masculin<\/a><\/td><td class=\"has-text-align-center\" data-align=\"center\"><a href=\"https:\/\/www.ffpjp25.com\/chpts\/cd25\/Feuilles_Inscriptions\/Feuille_inscription_Championnat_Doubl_Feminin.pdf\" target=\"_blank\" rel=\"noreferrer noopener\">F\u00e9minin<\/a><\/td><td class=\"has-text-align-center\" data-align=\"center\"><a href=\"https:\/\/www.ffpjp25.com\/chpts\/cd25\/Feuilles_Inscriptions\/Feuille_inscription_Championnat_Tripl_Feminin.pdf\" target=\"_blank\" rel=\"noreferrer noopener\">F\u00e9minin<\/a><\/td><\/tr><tr><td class=\"has-text-align-center\" data-align=\"center\"><a href=\"https:\/\/www.ffpjp25.com\/chpts\/cd25\/Feuilles_Inscriptions\/Feuille_inscription_Championnat_TaT_Feminin.pdf\" target=\"_blank\" rel=\"noreferrer noopener\">F\u00e9minin<\/a><\/td><td class=\"has-text-align-center\" data-align=\"center\"><a href=\"https:\/\/www.ffpjp25.com\/chpts\/cd25\/Feuilles_Inscriptions\/Feuille_inscription_Championnat_Doubl_Veteran.pdf\" target=\"_blank\" rel=\"noreferrer noopener\">V\u00e9t\u00e9ran<\/a><\/td><td class=\"has-text-align-center\" data-align=\"center\"><a href=\"https:\/\/www.ffpjp25.com\/chpts\/cd25\/Feuilles_Inscriptions\/Feuille_inscription_Championnat_Tripl_Veteran.pdf\" target=\"_blank\" rel=\"noreferrer noopener\">V\u00e9t\u00e9ran<\/a><\/td><\/tr><tr><td class=\"has-text-align-center\" data-align=\"center\"><a href=\"https:\/\/www.ffpjp25.com\/chpts\/cd25\/Feuilles_Inscriptions\/Feuille_inscription_Championnat_TaT_Veteran.pdf\" target=\"_blank\" rel=\"noreferrer noopener\">V\u00e9t\u00e9ran<\/a><\/td><td class=\"has-text-align-center\" data-align=\"center\"><a href=\"https:\/\/www.ffpjp25.com\/chpts\/cd25\/Feuilles_Inscriptions\/Feuille_inscription_Championnat_Doubl_Mixte.pdf\" target=\"_blank\" rel=\"noreferrer noopener\">Mixte<\/a><\/td><td class=\"has-text-align-center\" data-align=\"center\"><a href=\"https:\/\/www.ffpjp25.com\/chpts\/cd25\/Feuilles_Inscriptions\/Feuille_inscription_Championnat_Tripl_Mixte.pdf\" target=\"_blank\" rel=\"noreferrer noopener\">Mixte<\/a><\/td><\/tr><tr><td class=\"has-text-align-center\" data-align=\"center\"><a href=\"https:\/\/www.ffpjp25.com\/chpts\/cd25\/Feuilles_Inscriptions\/Feuille_inscription_Championnat_TaT_Minime.pdf\" target=\"_blank\" rel=\"noreferrer noopener\">Minime<\/a><\/td><td class=\"has-text-align-center\" data-align=\"center\"><a href=\"https:\/\/www.ffpjp25.com\/chpts\/cd25\/Feuilles_Inscriptions\/Feuille_inscription_Championnat_Doubl_JP.pdf\" target=\"_blank\" rel=\"noreferrer noopener\">Jeu Proven\u00e7al<\/a><\/td><td class=\"has-text-align-center\" data-align=\"center\"><a href=\"https:\/\/www.ffpjp25.com\/chpts\/cd25\/Feuilles_Inscriptions\/Feuille_inscription_Championnat_Tripl_JP.pdf\" target=\"_blank\" rel=\"noreferrer noopener\">Jeu Proven\u00e7al<\/a><\/td><\/tr><tr><td class=\"has-text-align-center\" data-align=\"center\"><a href=\"https:\/\/www.ffpjp25.com\/chpts\/cd25\/Feuilles_Inscriptions\/Feuille_inscription_Championnat_TaT_Cadet.pdf\" target=\"_blank\" rel=\"noreferrer noopener\">Cadet<\/a><\/td><td class=\"has-text-align-center\" data-align=\"center\"><a href=\"https:\/\/www.ffpjp25.com\/chpts\/cd25\/Feuilles_Inscriptions\/Feuille_inscription_Championnat_Doubl_Minime.pdf\" target=\"_blank\" rel=\"noreferrer noopener\">Minime<\/a><\/td><td class=\"has-text-align-center\" data-align=\"center\"><a href=\"https:\/\/www.ffpjp25.com\/chpts\/cd25\/Feuilles_Inscriptions\/Feuille_inscription_Championnat_Tripl_Promotion.pdf\" target=\"_blank\" rel=\"noreferrer noopener\">Promotion<\/a><\/td><\/tr><tr><td class=\"has-text-align-center\" data-align=\"center\"><a href=\"https:\/\/www.ffpjp25.com\/chpts\/cd25\/Feuilles_Inscriptions\/Feuille_inscription_Championnat_TaT_Junior.pdf\" target=\"_blank\" rel=\"noreferrer noopener\">Junior<\/a><\/td><td class=\"has-text-align-center\" data-align=\"center\"><a href=\"https:\/\/www.ffpjp25.com\/chpts\/cd25\/Feuilles_Inscriptions\/Feuille_inscription_Championnat_Doubl_Cadet.pdf\" target=\"_blank\" rel=\"noreferrer noopener\">Cadet<\/a><\/td><td class=\"has-text-align-center\" data-align=\"center\"><a href=\"https:\/\/www.ffpjp25.com\/chpts\/cd25\/Feuilles_Inscriptions\/Feuille_inscription_Championnat_Tripl_Minime.pdf\" target=\"_blank\" rel=\"noreferrer noopener\">Minime<\/a><\/td><\/tr><tr><td class=\"has-text-align-center\" data-align=\"center\"><\/td><td class=\"has-text-align-center\" data-align=\"center\"><a href=\"https:\/\/www.ffpjp25.com\/chpts\/cd25\/Feuilles_Inscriptions\/Feuille_inscription_Championnat_Doubl_Junior.pdf\" target=\"_blank\" rel=\"noreferrer noopener\">Junior<\/a><\/td><td class=\"has-text-align-center\" data-align=\"center\"><a href=\"https:\/\/www.ffpjp25.com\/chpts\/cd25\/Feuilles_Inscriptions\/Feuille_inscription_Championnat_Tripl_Cadet.pdf\" target=\"_blank\" rel=\"noreferrer noopener\">Cadet<\/a><\/td><\/tr><tr><td class=\"has-text-align-center\" data-align=\"center\"><\/td><td class=\"has-text-align-center\" data-align=\"center\"><\/td><td class=\"has-text-align-center\" data-align=\"center\"><a href=\"https:\/\/www.ffpjp25.com\/chpts\/cd25\/Feuilles_Inscriptions\/Feuille_inscription_Championnat_Tripl_Junior.pdf\" target=\"_blank\" rel=\"noreferrer noopener\">Junior<\/a><\/td><\/tr><\/tbody><\/table><\/figure>\n\n\n\n<p><\/p>\n","protected":false},"excerpt":{"rendered":"<p>Chpts T\u00eate \u00e0 T\u00eate Chpts Doublette Chpts Triplette Tir de pr\u00e9cision Junior Masculin Masculin Masculin F\u00e9minin F\u00e9minin F\u00e9minin V\u00e9t\u00e9ran V\u00e9t\u00e9ran [&hellip;]<\/p>\n","protected":false},"author":1,"featured_media":0,"parent":0,"menu_order":0,"comment_status":"closed","ping_status":"closed","template":"","meta":{"site-sidebar-layout":"default","site-content-layout":"","ast-site-content-layout":"default","site-content-style":"default","site-sidebar-style":"default","ast-global-header-display":"","ast-banner-title-visibility":"","ast-main-header-display":"","ast-hfb-above-header-display":"","ast-hfb-below-header-display":"","ast-hfb-mobile-header-display":"","site-post-title":"","ast-breadcrumbs-content":"","ast-featured-img":"","footer-sml-layout":"","ast-disable-related-posts":"","theme-transparent-header-meta":"","adv-header-id-meta":"","stick-header-meta":"","header-above-stick-meta":"","header-main-stick-meta":"","header-below-stick-meta":"","astra-migrate-meta-layouts":"default","ast-page-background-enabled":"default","ast-page-background-meta":{"desktop":{"background-color":"var(--ast-global-color-4)","background-image":"","background-repeat":"repeat","background-position":"center center","background-size":"auto","background-attachment":"scroll","background-type":"","background-media":"","overlay-type":"","overlay-color":"","overlay-opacity":"","overlay-gradient":""},"tablet":{"background-color":"","background-image":"","background-repeat":"repeat","background-position":"center center","background-size":"auto","background-attachment":"scroll","background-type":"","background-media":"","overlay-type":"","overlay-color":"","overlay-opacity":"","overlay-gradient":""},"mobile":{"background-color":"","background-image":"","background-repeat":"repeat","background-position":"center center","background-size":"auto","background-attachment":"scroll","background-type":"","background-media":"","overlay-type":"","overlay-color":"","overlay-opacity":"","overlay-gradient":""}},"ast-content-background-meta":{"desktop":{"background-color":"var(--ast-global-color-5)","background-image":"","background-repeat":"repeat","background-position":"center center","background-size":"auto","background-attachment":"scroll","background-type":"","background-media":"","overlay-type":"","overlay-color":"","overlay-opacity":"","overlay-gradient":""},"tablet":{"background-color":"var(--ast-global-color-5)","background-image":"","background-repeat":"repeat","background-position":"center center","background-size":"auto","background-attachment":"scroll","background-type":"","background-media":"","overlay-type":"","overlay-color":"","overlay-opacity":"","overlay-gradient":""},"mobile":{"background-color":"var(--ast-global-color-5)","background-image":"","background-repeat":"repeat","background-position":"center center","background-size":"auto","background-attachment":"scroll","background-type":"","background-media":"","overlay-type":"","overlay-color":"","overlay-opacity":"","overlay-gradient":""}},"footnotes":""},"class_list":["post-9816","page","type-page","status-publish","hentry"],"jetpack_sharing_enabled":true,"_links":{"self":[{"href":"https:\/\/www.ffpjp25.com\/index.php\/wp-json\/wp\/v2\/pages\/9816","targetHints":{"allow":["GET"]}}],"collection":[{"href":"https:\/\/www.ffpjp25.com\/index.php\/wp-json\/wp\/v2\/pages"}],"about":[{"href":"https:\/\/www.ffpjp25.com\/index.php\/wp-json\/wp\/v2\/types\/page"}],"author":[{"embeddable":true,"href":"https:\/\/www.ffpjp25.com\/index.php\/wp-json\/wp\/v2\/users\/1"}],"replies":[{"embeddable":true,"href":"https:\/\/www.ffpjp25.com\/index.php\/wp-json\/wp\/v2\/comments?post=9816"}],"version-history":[{"count":8,"href":"https:\/\/www.ffpjp25.com\/index.php\/wp-json\/wp\/v2\/pages\/9816\/revisions"}],"predecessor-version":[{"id":13355,"href":"https:\/\/www.ffpjp25.com\/index.php\/wp-json\/wp\/v2\/pages\/9816\/revisions\/13355"}],"wp:attachment":[{"href":"https:\/\/www.ffpjp25.com\/index.php\/wp-json\/wp\/v2\/media?parent=9816"}],"curies":[{"name":"wp","href":"https:\/\/api.w.org\/{rel}","templated":true}]}}