{"id":964,"date":"2022-09-29T21:44:25","date_gmt":"2022-09-29T19:44:25","guid":{"rendered":"https:\/\/www.ffpjp25.com\/?page_id=964"},"modified":"2026-04-09T09:43:57","modified_gmt":"2026-04-09T07:43:57","slug":"annuaire-des-clubs-du-cd25","status":"publish","type":"page","link":"https:\/\/www.ffpjp25.com\/index.php\/annuaire-des-clubs-du-cd25\/","title":{"rendered":"Annuaire des clubs du CD25"},"content":{"rendered":"\n<div class=\"wp-block-columns is-layout-flex wp-container-core-columns-is-layout-28f84493 wp-block-columns-is-layout-flex\">\n<div class=\"wp-block-column is-layout-flow wp-block-column-is-layout-flow\" style=\"flex-basis:100%\">\n<iframe loading=\"lazy\" src=\"https:\/\/www.google.com\/maps\/d\/u\/0\/embed?mid=1TDaCTWctIY1JkVJckufnw7-ltH5b_bY&#038;ehbc=2E312F\" width=\"640\" height=\"480\"><\/iframe>\n<\/div>\n<\/div>\n\n\n\n<div class=\"wp-block-columns is-layout-flex wp-container-core-columns-is-layout-28f84493 wp-block-columns-is-layout-flex\">\n<div class=\"wp-block-column is-layout-flow wp-block-column-is-layout-flow\" style=\"flex-basis:100%\">\n<pre id=\"block-f896d187-afcf-426a-a2ff-a818254d9226\" class=\"wp-block-preformatted has-black-color has-luminous-vivid-amber-background-color has-text-color has-background has-link-color has-medium-font-size wp-elements-0bb1ad3e5061645e71161ba75b67bfc3\"><strong>District de MONTB\u00c9LIARD<\/strong><\/pre>\n<\/div>\n<\/div>\n\n\n\n<div class=\"wp-block-group is-layout-flow wp-block-group-is-layout-flow\">\n<div class=\"wp-block-group is-layout-flow wp-block-group-is-layout-flow\">\n<div class=\"wp-block-columns is-layout-flex wp-container-core-columns-is-layout-28f84493 wp-block-columns-is-layout-flex\">\n<div class=\"wp-block-column is-layout-flow wp-block-column-is-layout-flow\" style=\"flex-basis:100%\">\n<pre class=\"wp-block-preformatted has-black-color has-white-background-color has-text-color has-background has-link-color wp-elements-5f9a4cf7159e9d0b3f0c3617c64c7d33\">101\tA. S. MONTB\u00c9LIARD P\u00c9TANQUE\t<br>Pr\u00e9sident\u00a0: \tDELAHAYE Michel\t<br>Courrier\u00a0:\tA.S Montb\u00e9liard P\u00e9tanque\t<br>\t        44 ter rue du Mont Bart  25200 MONTBELIARD<br> T\u00e9l\u00a0: \t        03.81.91.42.10\t-  06.60.67.61.72<br>E-Mail\u00a0: \tasmontbeliardpetanque@yahoo.com\t<br>---------------------------------------------------------------\t\t\t<br>102\tP\u00c9TANQUE RUDIPONTAINE\t<br>Pr\u00e9sident\u00a0:   \tBLACKOWSKI Alexandre\t<br>Courrier :\t10 rue de la Planche aux Saints 25310, PIERRE FONTAINE LES BLAMONTS<br>T\u00e9l et Fax\u00a0:\t03.81.96.42.56\t<br>Port\u00a0:\t        06.62.02.03.95\t<br>E-Mail\u00a0: \tblacko70@hotmail.com\t<br>---------------------------------------------------------------\t\t\t<br>103\tP\u00c9TANQUE BOROILLOTTE   \t<br>Pr\u00e9sident\u00a0: \tDEMELAY Micha\u00ebl\t<br>Courrier\u00a0: \tP\u00e9tanque Boroillotte\t<br>\t        19 rue des Vosges  70200 LURE<br>Port\u00a0: \t        06.02.18.77.03\t<br>E-Mail:\t        contact.idmh@laposte.net\t<br>---------------------------------------------------------------\t\t\t<br>104\tP\u00c9TANQUE DE DAMPIERRE-LES-BOIS\t<br>Pr\u00e9sidente\u00a0: \tBERENGUER  Marie-Jo \t<br> Tel\u00a0:\t        03.81.93.03.82\t<br>Courrier\u00a0: \tMARTIN Herv\u00e9\t<br>\t        38 rue Saint Martin  90600 GRANDVILLARS <br>T\u00e9l :\t        03.84.54.44.37\t<br>Port\u00a0: \t        06.43.23.41.79\t<br>E-Mail\u00a0: \tpetanquedlb@neuf.fr\t<br>---------------------------------------------------------------\t    \t\t<br>105\tP\u00c9TANQUE AUDINCOURTOISE \t<br>Pr\u00e9sident\u00a0: \tCABALLERO Cl\u00e9ment  \t<br>Courrier\u00a0:\t104 Bis Rue des Cantons  25400 AUDINCOURT<br>Port\u00a0:\t        06.70.45.74.82\t<br>E-Mail\u00a0: \tclelemagnifique@hotmail.com\t<br>---------------------------------------------------------------\t       \t\t<br>108\tP\u00c9TANQUE SELONCOURTOISE\t<br>Pr\u00e9sident\u00a0:\tSIMEREY R\u00e9my \t<br>Courrier\u00a0:\tP\u00e9tanque Seloncourtoise\t<br>\t        4 rue \u00e9cole de Berne  25230  SELONCOURT<br>Port\u00a0:\t        07.82.34.98.58<br>E-Mail\u00a0: \tremy.simerey@free.fr\t<br>---------------------------------------------------------------\t\t\t<br>110\tP\u00c9TANQUE H\u00c9RIMONCOURT\t<br>Pr\u00e9sident\u00a0:\tLAB Andr\u00e9<br>                10, rue de la Promonade\t25310 H\u00c9RIMONCOURT<br>T\u00e9l\u00a0: \t07.80.01.07.80\t<br>Courrier\u00a0:\tSerge GUIGNARD-BIETRY\t<br>\t        21 rue des pr\u00e9s  25230, SELONCOURT      <br>T\u00e9l\u00a0:\t        06.82.41.84.83\t<br>E-Mail\u00a0: \tpetanqueherimoncourt@gmail.com\t<br>---------------------------------------------------------------\t\t\t<br>111\tP\u00c9TANQUE DE RANG\t<br>Pr\u00e9sidente\u00a0: \tMBENDE BOUDOMBO\tCorinne\t      <br>Courrier :\t12, rue de la Mairie  25250 RANG<br>Port\u00a0: \t        06.42.03.03.93\t<br>E-Mail\u00a0: \tpetanquerang@gmail.com\t<br>---------------------------------------------------------------\t                     \t\t<br>112\tP\u00c9TANQUE BETHONCOURTOISE \t<br>Pr\u00e9sident\u00a0: \tHUNCKLER Jean-Louis\t<br>Courrier :\t4, Impasse Einstein  25200 BETHONCOURT            <br>T\u00e9l :\t        03.81.92.97.34 \t<br>Port\u00a0: \t        06.06.47.33.51\t<br>E-Mail\u00a0: \tjeanlouis.hunckler@free.fr - petanquebethoncourtoise@gmail.com\t<br>---------------------------------------------------------------\t\t\t<br>114\t LA BOULE ERBATONNE\t<br>Pr\u00e9sident\u00a0: \tPERRIOD Romain\t<br>Courrier :\t8, rue du Paquis 25460 Etupes<br>\t\t<br>T\u00e9l\u00a0: \t        06.85.48.46.32\t<br>E-Mail\u00a0: \tromain.perriod@laposte.net\t<br>---------------------------------------------------------------\t\t\t<br>117\tP\u00c9TANQUE CLUB DE L\u2019ISLE-SUR-LE-DOUBS\t<br>Pr\u00e9sident\u00a0:  \tVIENNET C\u00e9dric  -  Tel: 06.10.38.58.00\t<br>Courrier\u00a0:\tFORTIN Marc  2 rue Replain  25250 APPENANS<br>Port\u00a0:\t        06.31.55.16.04\t<br>E-Mail\u00a0: \tpetanque.islesurledoubs@gmail.com\t<br>---------------------------------------------------------------\t\t<br>119\t U. S. SOCHAUX P\u00c9TANQUE\t<br>Pr\u00e9sident\u00a0: \tVIDAL Didier<br>Courrier :\t15 promenade de la R\u00eaverie  25600 SOCHAUX<br> Port\u00a0: \t06.99.65.96.75\t<br>E-Mail\u00a0: \tussochauxpetanque@hotmail.com - didier.vidal-petanque1@hotmail.fr<br>---------------------------------------------------------------\t\t<br>120\t LA BOULE DE CLERVAL<br>Pr\u00e9sident\u00a0:  \tBRUOT Jean Jacques\t<br>Courrier\u00a0:\t33 rue des Ch\u00eanes  25750 ARCEY<br>T\u00e9l :\t\t<br>Port\u00a0:\t        06.23.13.24.53\t<br>E-Mail\u00a0: \tjeanjacques.bruot@akeonet.com<\/pre>\n<\/div>\n<\/div>\n<\/div>\n<\/div>\n\n\n\n<div class=\"wp-block-group is-layout-flow wp-block-group-is-layout-flow\">\n<div class=\"wp-block-columns is-layout-flex wp-container-core-columns-is-layout-28f84493 wp-block-columns-is-layout-flex\">\n<div class=\"wp-block-column is-layout-flow wp-block-column-is-layout-flow\" style=\"flex-basis:100%\">\n<h4 class=\"wp-block-heading has-black-color has-vivid-cyan-blue-background-color has-text-color has-background has-medium-font-size\"><strong>District de Besan\u00e7on<\/strong><\/h4>\n<\/div>\n<\/div>\n<\/div>\n\n\n\n<div class=\"wp-block-group is-layout-flow wp-block-group-is-layout-flow\">\n<div class=\"wp-block-columns is-layout-flex wp-container-core-columns-is-layout-28f84493 wp-block-columns-is-layout-flex\">\n<div class=\"wp-block-column is-layout-flow wp-block-column-is-layout-flow\" style=\"flex-basis:100%\">\n<pre class=\"wp-block-preformatted has-black-color has-white-background-color has-text-color has-background has-link-color wp-elements-95b6d58a2b1863535ac4a2274c0e12a9\">District de Besan\u00e7on\t<br>Pr\u00e9sident&nbsp;: \t      <strong>Yves MOUILLESEAUX<\/strong>  \t<br>Courrier :\t      22 rue Danton 25000 Besan\u00e7on <br>T\u00e9l :\t\t      06.74.54.51.18<br>E-Mail&nbsp;: \t      districtbesanconpetanque@gmail.com\t<br>Secr\u00e9taire G\u00e9n\u00e9ral&nbsp;:  <strong>Mathilde ROZ\u00c9<\/strong>\t<br>Courrier :\t      28 rue Renorbert Nelaton 39100 Dole<br>T\u00e9l&nbsp;: \t \t      06.72.27.06.30<br>E-Mail&nbsp;: \t      districtbesanconpetanque@gmail.com<br>Tr\u00e9sorier G\u00e9n\u00e9ral :   <strong>Claude DEVILLERS<\/strong> \t<br>Courrier :\t      11 Grande Rue 25110 LOMONT SUR CRETE<br>T\u00e9l&nbsp;: \t\t      06.71.27.08.23<br>E-Mail&nbsp;: \t      claude.devillers0574@gmail.com<br>---------------------------------------------------------------\t\t<br>201\tP\u00c9TANQUE FRANC-COMTOISE\t<br>Pr\u00e9sident&nbsp;: \tJOUAN Patrick\t<br>Courrier&nbsp;:\tP.F.C 68, chemin des planches  25000 BESAN\u00c7ON<br> T\u00e9l&nbsp;: \t        06.64.54.96.59\t<br>E-Mail&nbsp;: \tpetanque.fc@gmail.com\t<br>---------------------------------------------------------------\t\t<br>202\tPETANQUE THISIENNE\t<br>Pr\u00e9sident&nbsp;:   \tBROCCO Lucas \t<br>Courrier :\t26, rue de Champen\u00e2tre  25220 THISE<br>Port&nbsp;:\t        06.59.22.05.19\t<br>E-Mail&nbsp;: \tpetanquethisienne@gmail.com\t<br>---------------------------------------------------------------\t\t<br>203\tP\u00c9TANQUE DE BATTANT\t<br>Pr\u00e9sident&nbsp;: \tORDINAIRE Virginie<br>Courrier&nbsp;: \t115, rue Battant  25000 BESAN\u00c7ON<br>T\u00e9l :\t        03.81.88.09.41\t<br>Port:\t\t<br>E-Mail&nbsp;: \tpetanquedebattant@gmail.com\t<br>---------------------------------------------------------------\t\t<br>205\tVESONTIO P\u00c9TANQUE CLUB\t<br>Pr\u00e9sident&nbsp;: \tDEQUAIRE K\u00e9vin                                       \t<br>Courrier&nbsp;: \t21, chemin de la Combe Noire  25000 BESAN\u00c7ON\t\t<br>Port&nbsp;: \t        06.59.27.70.11\t<br>E-Mail&nbsp;: \tvesontio@outlook.fr\t<br>---------------------------------------------------------------    \t\t<br>207\tP\u00c9TANQUE BAUMOISE\t<br>Pr\u00e9sident&nbsp;: \tRENAUD Paul\t<br>Courrier&nbsp;:\t2 B rue de la Taillanderie  25110 GUILLON LES BAINS<br>T\u00e9l :\t        03.81.84.29.75 \t<br>Port&nbsp;:\t        06.61.21.06.23\t<br>E-Mail&nbsp;:  \tpetanquebld@gmail.com\t<br>---------------------------------------------------------------       \t\t<br>208\tP\u00c9TANQUE SAINT-VITOISE\t<br>Pr\u00e9sidente&nbsp;:\tBARTHOD Justine\t<br>                3 place de la Mairie 25410 SAINT-VIT<br>Courrier&nbsp;  :\t2 Route de Quingey  25320 BOUSSIERES<br>Port&nbsp;:\t        06.37.34.48.46\t<br>E-Mail&nbsp;: \tjustinebarthod@laposte.net\t<br>---------------------------------------------------------------\t\t<br>211\tAMICALE BOULISTE SA\u00d4NOISE\t<br>Pr\u00e9sident&nbsp;:\tBERGEZ Michel\t<br>Courrier&nbsp;:\t9 rue de la Glaciere  25660 SAONE              <br>Tel :           03.81.55.83.29<br>Port&nbsp;:\t        06.42 71.38.13\t<br>E-Mail&nbsp;:        michel.bergez@orange.fr\t\t<br>---------------------------------------------------------------\t\t<br>212\tLA BOULE MONTFERRANDAISE\t<br>Pr\u00e9sident&nbsp;: \tFOSSAERT Franck<br>Courrier :\t35, rue de Besan\u00e7on 25000 BESANCON<br>T\u00e9l :\t        03.81.56.53.01\t<br>Port&nbsp;: \t        06.25.62.02.09                        \t<br>E-Mail&nbsp;: \tfossaertbelfort@laposte.net - laboulemontferrandaise@gmail.com\t<br>---------------------------------------------------------------                      \t\t<br>217\tBEURE P\u00c9TANQUE CLUB\t<br>Pr\u00e9sident&nbsp;: \tHERRERO Fr\u00e9d\u00e9ric\t<br>Port :\t        06.01.83.22.85\t<br>Courrier :\tKarine KOELLER\t<br>\t        12, rue du repos  25720 BEURE<br>Port :\t        06.11.49.86.94\t<br>E-Mail&nbsp;: \tkarine1908.koeller@orange.fr\t<br>---------------------------------------------------------------\t\t<br>218\tAMICALE DES BOULISTES DE NANCRAY\t<br>Pr\u00e9sident&nbsp;:  \tCATTET BERTHOZ Sylvie\t<br>Courrier&nbsp;:\t29, rue de la Corv\u00e9e  25360 NANCRAY<br>Port&nbsp;:\t        06.72.55.35.66\t<br>E-Mail&nbsp;: \tsylviecattet02@gmail.com\t<br><\/pre>\n<\/div>\n<\/div>\n<\/div>\n\n\n\n<div class=\"wp-block-columns is-layout-flex wp-container-core-columns-is-layout-28f84493 wp-block-columns-is-layout-flex\">\n<div class=\"wp-block-column is-layout-flow wp-block-column-is-layout-flow\" style=\"flex-basis:100%\">\n<h2 class=\"wp-block-heading has-vivid-green-cyan-background-color has-background has-medium-font-size\">District du Haut Doubs<\/h2>\n<\/div>\n<\/div>\n\n\n\n<div class=\"wp-block-columns is-layout-flex wp-container-core-columns-is-layout-28f84493 wp-block-columns-is-layout-flex\">\n<div class=\"wp-block-column is-layout-flow wp-block-column-is-layout-flow\" style=\"flex-basis:100%\">\n<pre class=\"wp-block-preformatted has-black-color has-white-background-color has-text-color has-background has-link-color wp-elements-a5ef8e525db41495b9d67cd1c76fdcba\">------------------------------------------------------------------- \t\t \t\t <br>301\t\tJOYEUSE P\u00c9TANQUE PONTISSALIENNE\t\t <br>Pr\u00e9sident :\tMARENGHI Jean-Pierre\t\t<br>                Joyeuse P\u00e9tanque Pontissalienne<br>Courrier :      4 rue de la Fontaine 25300 PONTARLIER<br>Port :\t\t06.64.06.21.34\t\t <br>EMail :\t\t       secretariatjpp25@gmail.com\t\t <br>------------------------------------------------------------------- \t\t \t\t <br>302\t\tP\u00c9TANQUE DE MORTEAU\t\t <br>Pr\u00e9sident :\tMENAGER Quentin\t\t <br>Courrier :\tVERMOT GZUCHY Teddy   13 Chemin de Derri\u00e8re Seuillet 25500 MORTEAU<br>Port :\t\t06.48.28.60.39\t\t<br>Email :\t\tpetanquemorteau25@gmail.com - teddy.vermot-gauchy@laposte.net<br>------------------------------------------------------------------- \t\t \t\t <br>303\t\tP\u00c9TANQUE VALDAHONNAISE\t\t <br>Pr\u00e9sidente :\tCLEMENT B\u00e9atrice\t\t <br>Courrier :\t6, rue du Clos Adrienne\t\t25800 VALDAHON<br>T\u00e9l :\t\t03.81.56.27.02\t\t06.42.75.57.84<br>E-Mail:\t\tpetanquevaldahonnaise@gmail.com\t\t <br>------------------------------------------------------------------- \t\t \t\t <br>304\t\tP\u00c9TANQUE DU PLATEAU DE PIERREFONTAINE\t\t <br>Pr\u00e9sident :\tSEGUIN Norbert\t\t <br>Courrier :\t5, rue Bellevue  25510 PIERREFONTAINE-LES-VARANS<br>T\u00e9l :\t\t06.60.31.16.67<br>E-Mail :\tpdp25510@gmail.com\t\t <br>------------------------------------------------------------------- \t\t <br>306\t\tP\u00c9TANQUE DE VILLERS-LE-LAC\t\t <br>Pr\u00e9sident :\tMOUGIN Guy\t\t <br>Courrier :\t29 route des Brenets  25130 VILLERS-LE-LAC<br>T\u00e9l :\t\t06.82.13.52.97\t\t09.67.03.37.23<br>Email :\t\tguymougin@orange.fr - petanquevillers25@gmail.com\t\t <br>------------------------------------------------------------------- \t\t \t\t <br>307\t\tP\u00c9TANQUE LES FINS\t\t <br>Pr\u00e9sidente :\tMOUTARLIER Julian\t\t \t <br>Courrier :\t10 rue Saint Jean  25500 LES FINS<br>Port :\t\t06.08.90.92.18\t\t <br>Email :\t\tpetanquelesfins@gmail.com - pierro-25@hotmail.fr\t\t <br>------------------------------------------------------------------- \t\t \t\t <br>308\t\tP\u00c9TANQUE DE MONTLEBON\t\t <br>Pr\u00e9sident :\tChristian DEVILLERS\t\t <br>Courrier :\t51, rue de Neuchatel  25500 MONTLEBON<br>Port :\t\t07.71.07.76.22\t\t <br>Email :\t\tchristian.devillers@sfr.fr\t\t <br>------------------------------------------------------------------- \t\t <br>310\t\tP\u00c9TANQUE CLUB LE RUSSEY\t\t <br>Pr\u00e9sident :\tBULLIARD Samuel\t\t <br>Port :\t\t06.31.52.62.34\t\t <br> \t\tsur la c\u00f4te    25120, LES BRESEUX<br>Email :\t\tsamuel.bulliard@sfr.fr\t- sec.pet.le.russey@gmail.com\t <br>------------------------------------------------------------------- \t\t \t\t <br>311\t\tP\u00c9TANQUE D\u2019ORCHAMPS-VENNES\t\t <br>Pr\u00e9sident :\tCARRERE Patrick\t\t <br>T\u00e9l :\t\t06.18.53.62.29\t\t <br>Courrier :\tBOILLOD Cyril<br> \t\t1, La Biche  25390 ORCHAMPS-VENNES<br>T\u00e9l :\t\t06.30.82.57.45\t\t <br>Email :\t\tcyril.boillod@gmail.com\t\t <br>------------------------------------------------------------------- \t\t \t\t <br>312\t\tLA BOULE VERCELLOISE\t\t <br>Pr\u00e9sident :\tLE BAIL Didier\t\t <br>Courrier :\tLE BAIL Rachel\t\t <br> \t\t11 Grande Rue  25530 VERCEL VILLEDIEU<br>T\u00e9l :\t\t03.81.61.72.83\t\t <br>Port :\t\t07.87.67.18.98\t\t <br>Email :\t\tlaboulevercelloise@laposte.net\t<br>-------------------------------------------------------------------<br>313\t        LA CHTI PETANQUE 25\t<br>Pr\u00e9sident&nbsp;:  \tVANBALEGHEM David\t<br>Courrier&nbsp;:\t128 BIS LE FRAMBOURG  25300 LA CLUSE ET MIJOUX<br>T\u00e9l&nbsp;:  \t        06.86.11.93.31\t<br>Email&nbsp;: \tvanbaleghemdavid@gmail.com\t<br>-------------------------------------------------------------------<br>            \t <\/pre>\n<\/div>\n<\/div>\n","protected":false},"excerpt":{"rendered":"<p>District de MONTB\u00c9LIARD 101 A. S. MONTB\u00c9LIARD P\u00c9TANQUE Pr\u00e9sident\u00a0: DELAHAYE Michel Courrier\u00a0: A.S Montb\u00e9liard P\u00e9tanque 44 ter rue du Mont [&hellip;]<\/p>\n","protected":false},"author":1,"featured_media":0,"parent":0,"menu_order":0,"comment_status":"closed","ping_status":"closed","template":"","meta":{"site-sidebar-layout":"default","site-content-layout":"","ast-site-content-layout":"default","site-content-style":"default","site-sidebar-style":"default","ast-global-header-display":"","ast-banner-title-visibility":"","ast-main-header-display":"","ast-hfb-above-header-display":"","ast-hfb-below-header-display":"","ast-hfb-mobile-header-display":"","site-post-title":"","ast-breadcrumbs-content":"","ast-featured-img":"","footer-sml-layout":"","ast-disable-related-posts":"","theme-transparent-header-meta":"","adv-header-id-meta":"","stick-header-meta":"","header-above-stick-meta":"","header-main-stick-meta":"","header-below-stick-meta":"","astra-migrate-meta-layouts":"default","ast-page-background-enabled":"default","ast-page-background-meta":{"desktop":{"background-color":"var(--ast-global-color-4)","background-image":"","background-repeat":"repeat","background-position":"center center","background-size":"auto","background-attachment":"scroll","background-type":"","background-media":"","overlay-type":"","overlay-color":"","overlay-opacity":"","overlay-gradient":""},"tablet":{"background-color":"","background-image":"","background-repeat":"repeat","background-position":"center center","background-size":"auto","background-attachment":"scroll","background-type":"","background-media":"","overlay-type":"","overlay-color":"","overlay-opacity":"","overlay-gradient":""},"mobile":{"background-color":"","background-image":"","background-repeat":"repeat","background-position":"center center","background-size":"auto","background-attachment":"scroll","background-type":"","background-media":"","overlay-type":"","overlay-color":"","overlay-opacity":"","overlay-gradient":""}},"ast-content-background-meta":{"desktop":{"background-color":"var(--ast-global-color-5)","background-image":"","background-repeat":"repeat","background-position":"center center","background-size":"auto","background-attachment":"scroll","background-type":"","background-media":"","overlay-type":"","overlay-color":"","overlay-opacity":"","overlay-gradient":""},"tablet":{"background-color":"var(--ast-global-color-5)","background-image":"","background-repeat":"repeat","background-position":"center center","background-size":"auto","background-attachment":"scroll","background-type":"","background-media":"","overlay-type":"","overlay-color":"","overlay-opacity":"","overlay-gradient":""},"mobile":{"background-color":"var(--ast-global-color-5)","background-image":"","background-repeat":"repeat","background-position":"center center","background-size":"auto","background-attachment":"scroll","background-type":"","background-media":"","overlay-type":"","overlay-color":"","overlay-opacity":"","overlay-gradient":""}},"footnotes":""},"class_list":["post-964","page","type-page","status-publish","hentry"],"jetpack_sharing_enabled":true,"_links":{"self":[{"href":"https:\/\/www.ffpjp25.com\/index.php\/wp-json\/wp\/v2\/pages\/964","targetHints":{"allow":["GET"]}}],"collection":[{"href":"https:\/\/www.ffpjp25.com\/index.php\/wp-json\/wp\/v2\/pages"}],"about":[{"href":"https:\/\/www.ffpjp25.com\/index.php\/wp-json\/wp\/v2\/types\/page"}],"author":[{"embeddable":true,"href":"https:\/\/www.ffpjp25.com\/index.php\/wp-json\/wp\/v2\/users\/1"}],"replies":[{"embeddable":true,"href":"https:\/\/www.ffpjp25.com\/index.php\/wp-json\/wp\/v2\/comments?post=964"}],"version-history":[{"count":49,"href":"https:\/\/www.ffpjp25.com\/index.php\/wp-json\/wp\/v2\/pages\/964\/revisions"}],"predecessor-version":[{"id":13998,"href":"https:\/\/www.ffpjp25.com\/index.php\/wp-json\/wp\/v2\/pages\/964\/revisions\/13998"}],"wp:attachment":[{"href":"https:\/\/www.ffpjp25.com\/index.php\/wp-json\/wp\/v2\/media?parent=964"}],"curies":[{"name":"wp","href":"https:\/\/api.w.org\/{rel}","templated":true}]}}