{"id":934,"date":"2022-09-29T00:02:02","date_gmt":"2022-09-28T22:02:02","guid":{"rendered":"https:\/\/www.ffpjp25.com\/?page_id=934"},"modified":"2022-09-29T00:02:58","modified_gmt":"2022-09-28T22:02:58","slug":"resultats-au-cdf-au-dela-des-1-8","status":"publish","type":"page","link":"https:\/\/www.ffpjp25.com\/index.php\/resultats-au-cdf-au-dela-des-1-8\/","title":{"rendered":"R\u00e9sultats au CDF \u00e0 partir des 1\/8"},"content":{"rendered":"\n<table id=\"tablepress-3\" class=\"tablepress tablepress-id-3\">\n<thead>\n<tr class=\"row-1\">\n\t<th class=\"column-1\">Date<\/th><th class=\"column-2\">Lieu<\/th><th class=\"column-3\">Formation<\/th><th class=\"column-4\">Equipe<\/th><th class=\"column-5\">Niveau<\/th>\n<\/tr>\n<\/thead>\n<tbody class=\"row-striping row-hover\">\n<tr class=\"row-2\">\n\t<td class=\"column-1\"><strong><p style=\"color:#FF0000\";>2025<\/p><\/strong><\/td><td class=\"column-2\"><strong><p style=\"color:#032DFC\";> ST YRIEIX (16)<\/p><\/strong><\/td><td class=\"column-3\"><strong>Triplette Minime<\/strong><\/td><td class=\"column-4\"><strong>BRESSAND ANA\u00cbL - DONIER RAPHA\u00cbL - TATU LOAN<\/strong><\/td><td class=\"column-5\"><strong><p style=\"color:#FF0000\";>Champions de France<\/p><\/strong><\/td>\n<\/tr>\n<tr class=\"row-3\">\n\t<td class=\"column-1\">2024<\/td><td class=\"column-2\">La Crau (83)<\/td><td class=\"column-3\">Doublette JP<\/td><td class=\"column-4\">Quentin GERDY - Nicolas GENDRE<\/td><td class=\"column-5\">1\/8 de Finale<\/td>\n<\/tr>\n<tr class=\"row-4\">\n\t<td class=\"column-1\">2024<\/td><td class=\"column-2\">Pontarlier (25)<\/td><td class=\"column-3\">Triplette Juniors<\/td><td class=\"column-4\">Alexis BERGERY - Marius GALLOT - Arthur MONNIER<\/td><td class=\"column-5\">1\/4 de Finale<\/td>\n<\/tr>\n<tr class=\"row-5\">\n\t<td class=\"column-1\">2023<\/td><td class=\"column-2\">Brian\u00e7on (05)<\/td><td class=\"column-3\">Doublette JP<\/td><td class=\"column-4\">Janick FRACHEBOIS - Benjamin TATU<\/td><td class=\"column-5\">1\/8 de Finale<\/td>\n<\/tr>\n<tr class=\"row-6\">\n\t<td class=\"column-1\">2023<\/td><td class=\"column-2\">Nevers (58)<\/td><td class=\"column-3\">Triplette Minimes<\/td><td class=\"column-4\">Eden CHABOD - Malo DROMARD - Th\u00e9o GAILLARD<\/td><td class=\"column-5\">1\/8 de Finale<\/td>\n<\/tr>\n<tr class=\"row-7\">\n\t<td class=\"column-1\">2023<\/td><td class=\"column-2\">Quimper (29)<\/td><td class=\"column-3\">T\u00eate \u00e0 T\u00eate<\/td><td class=\"column-4\">Jennifer CADOL<\/td><td class=\"column-5\">1\/8 de Finale<\/td>\n<\/tr>\n<tr class=\"row-8\">\n\t<td class=\"column-1\">2023<\/td><td class=\"column-2\">Auxerre (89)<\/td><td class=\"column-3\">T\u00eate \u00e0 T\u00eate<\/td><td class=\"column-4\">Benjamin TATU<\/td><td class=\"column-5\">1\/8 de Finale<\/td>\n<\/tr>\n<tr class=\"row-9\">\n\t<td class=\"column-1\"><strong><p style=\"color:#FF0000\";>2022<\/p><\/strong><\/td><td class=\"column-2\"><strong><p style=\"color:#032DFC\";>Ax Les Thermes (09)<\/p><\/strong><\/td><td class=\"column-3\"><strong>Triplette V\u00e9t\u00e9ran<\/strong><\/td><td class=\"column-4\"><strong>FRACHEBOIS JANICK,  MARAUX JEAN-MARIE, MUNIER MICHEL<\/strong><\/td><td class=\"column-5\"><strong><p style=\"color:#FF0000\";>Champions de France<\/p><\/strong><\/td>\n<\/tr>\n<tr class=\"row-10\">\n\t<td class=\"column-1\">2021<\/td><td class=\"column-2\">Cabestany<\/td><td class=\"column-3\">Triplette JP<\/td><td class=\"column-4\">JEANMOUGIN Philippe, LAGARCE Lionel, DEMELAY Michael<\/td><td class=\"column-5\">1\/8 de Finale<\/td>\n<\/tr>\n<tr class=\"row-11\">\n\t<td class=\"column-1\">2021<\/td><td class=\"column-2\">Cabestany<\/td><td class=\"column-3\">Triplette JP<\/td><td class=\"column-4\">BORDY Franck, HUMBERT  Nicolas, HUMBERT Laurent<\/td><td class=\"column-5\">1\/8 de Finale<\/td>\n<\/tr>\n<tr class=\"row-12\">\n\t<td class=\"column-1\">2019<\/td><td class=\"column-2\">Nevers (58)<\/td><td class=\"column-3\">Triplette Jeunes<\/td><td class=\"column-4\">MONNIER Arthur, PICARD Lucas, BELOT Anton<\/td><td class=\"column-5\">1\/8 de Finale<\/td>\n<\/tr>\n<tr class=\"row-13\">\n\t<td class=\"column-1\">2019<\/td><td class=\"column-2\">Limoges (87)<\/td><td class=\"column-3\">Doublette Mixte<\/td><td class=\"column-4\">Claudie TATU, Benjamin TATU<\/td><td class=\"column-5\">1\/4 de Finale<\/td>\n<\/tr>\n<tr class=\"row-14\">\n\t<td class=\"column-1\">2014<\/td><td class=\"column-2\">Gruissan (11)<\/td><td class=\"column-3\">T \u00e0 T s\u00e9nior<\/td><td class=\"column-4\">PRUD'HOMME K\u00e9vin<\/td><td class=\"column-5\">1\/8 de Finale<\/td>\n<\/tr>\n<tr class=\"row-15\">\n\t<td class=\"column-1\">2006<\/td><td class=\"column-2\">Gu\u00e9ret<\/td><td class=\"column-3\">Doublette f\u00e9minine<\/td><td class=\"column-4\">FRANQUIN Nathalie, REDOUTEY Marianne<\/td><td class=\"column-5\">1\/4 de Finale<\/td>\n<\/tr>\n<tr class=\"row-16\">\n\t<td class=\"column-1\">2006<\/td><td class=\"column-2\">AURILLAC<\/td><td class=\"column-3\">Triplette Entreprises<\/td><td class=\"column-4\">HUMBERT Laurent, HOANG Vay, LOPEZ Manuel<\/td><td class=\"column-5\">1\/4 de Finale<\/td>\n<\/tr>\n<tr class=\"row-17\">\n\t<td class=\"column-1\">2003<\/td><td class=\"column-2\">Cabries<\/td><td class=\"column-3\">Triplette proven\u00e7al<\/td><td class=\"column-4\">TOURNIER Jean-Marie, FRACHEBOIS Janick, MARENGHI Jean-Pierre<\/td><td class=\"column-5\">1\/4 de Finale<\/td>\n<\/tr>\n<tr class=\"row-18\">\n\t<td class=\"column-1\">2003<\/td><td class=\"column-2\">Quillan<\/td><td class=\"column-3\">Doublette Proven\u00e7al<\/td><td class=\"column-4\">HUMBERT Nicolas FOURNIER Fr\u00e9d\u00e9ric<\/td><td class=\"column-5\">Finale<\/td>\n<\/tr>\n<tr class=\"row-19\">\n\t<td class=\"column-1\">2002<\/td><td class=\"column-2\">Soustons<\/td><td class=\"column-3\">Triplette s\u00e9nior<\/td><td class=\"column-4\">FOURNIER Fr\u00e9d\u00e9ric, HUMBERT Nicolas, HOANG Vay<\/td><td class=\"column-5\">1\/4 de Finale<\/td>\n<\/tr>\n<tr class=\"row-20\">\n\t<td class=\"column-1\">2000<\/td><td class=\"column-2\">N\u00eemes<\/td><td class=\"column-3\">Triplette Cadets<\/td><td class=\"column-4\">SIGNORI Christophe, PICON Julien, JACQUIN S\u00e9bastien<\/td><td class=\"column-5\">1\/4 de Finale<\/td>\n<\/tr>\n<tr class=\"row-21\">\n\t<td class=\"column-1\">1998<\/td><td class=\"column-2\">Albertville<\/td><td class=\"column-3\">Triplette Proven\u00e7al<\/td><td class=\"column-4\">TOURNIER Jean-Marie, FRACHEBOIS Janick, MATHEY Roland<\/td><td class=\"column-5\">1\/2 Finale<\/td>\n<\/tr>\n<tr class=\"row-22\">\n\t<td class=\"column-1\">1993<\/td><td class=\"column-2\">Draveil<\/td><td class=\"column-3\">Triplette proven\u00e7al<\/td><td class=\"column-4\">FOURNIER Fr\u00e9d\u00e9ric, HUMBERT Nicolas, FRANQUIN Alain<\/td><td class=\"column-5\">1\/2 Finale<\/td>\n<\/tr>\n<tr class=\"row-23\">\n\t<td class=\"column-1\">1993<\/td><td class=\"column-2\">Vichy\/Bellerive-sur-Allier<\/td><td class=\"column-3\">Triplette Junior<\/td><td class=\"column-4\">BORDY Alexandre DEMELAY Micka\u00ebl FOURNIER Fr\u00e9d\u00e9ric<\/td><td class=\"column-5\">1\/2 Finale<\/td>\n<\/tr>\n<tr class=\"row-24\">\n\t<td class=\"column-1\">1991<\/td><td class=\"column-2\">Reims<\/td><td class=\"column-3\">T \u00e0 T s\u00e9nior<\/td><td class=\"column-4\">HUMBERT Laurent<\/td><td class=\"column-5\">1\/2 Finale<\/td>\n<\/tr>\n<tr class=\"row-25\">\n\t<td class=\"column-1\">1990<\/td><td class=\"column-2\">Saint Nazaire<\/td><td class=\"column-3\">Triplette entreprises<\/td><td class=\"column-4\">BORDY Franck, BORDY Claude, JEANGUILLAUME Roland<\/td><td class=\"column-5\">1\/2 Finale<\/td>\n<\/tr>\n<tr class=\"row-26\">\n\t<td class=\"column-1\">1990<\/td><td class=\"column-2\">Le Cannet<\/td><td class=\"column-3\">Doublette Senior<\/td><td class=\"column-4\">JEANGUILLAUME Roland MARENGHI Jean-Pierre<\/td><td class=\"column-5\">1\/4 de Finale<\/td>\n<\/tr>\n<tr class=\"row-27\">\n\t<td class=\"column-1\">1990<\/td><td class=\"column-2\">Montauban<\/td><td class=\"column-3\">Doublette Proven\u00e7al<\/td><td class=\"column-4\">TARBY Andr\u00e9 BORDY Philippe<\/td><td class=\"column-5\">1\/4 de Finale<\/td>\n<\/tr>\n<tr class=\"row-28\">\n\t<td class=\"column-1\">1989<\/td><td class=\"column-2\">Gaillard<\/td><td class=\"column-3\">Triplette junior<\/td><td class=\"column-4\">HUMBERT Nicolas, BATISS Rachid, CARREZ Sylvain<\/td><td class=\"column-5\">1\/2 Finale<\/td>\n<\/tr>\n<tr class=\"row-29\">\n\t<td class=\"column-1\">1988<\/td><td class=\"column-2\">Meudon<\/td><td class=\"column-3\">Doublette proven\u00e7al<\/td><td class=\"column-4\">BORDY Franck, TARBY Andr\u00e9<\/td><td class=\"column-5\">1\/4 de Finale<\/td>\n<\/tr>\n<tr class=\"row-30\">\n\t<td class=\"column-1\">1986<\/td><td class=\"column-2\">Grasse<\/td><td class=\"column-3\">Doublette proven\u00e7al<\/td><td class=\"column-4\">JEANGUILLAUME Roland, MARENGHI Jean-Pierre<\/td><td class=\"column-5\">1\/4 de Finale<\/td>\n<\/tr>\n<tr class=\"row-31\">\n\t<td class=\"column-1\">1985<\/td><td class=\"column-2\">Limoges<\/td><td class=\"column-3\">Doublette S\u00e9nior<\/td><td class=\"column-4\">JEANGUILLAUME Roland MARENGHI Jean-Pierre<\/td><td class=\"column-5\">1\/4 de Finale<\/td>\n<\/tr>\n<tr class=\"row-32\">\n\t<td class=\"column-1\">1985<\/td><td class=\"column-2\">Limoges<\/td><td class=\"column-3\">T\u00eate \u00e0 T\u00eate<\/td><td class=\"column-4\">TOURNIER Jean-Marie<\/td><td class=\"column-5\">1\/4 de Finale<\/td>\n<\/tr>\n<tr class=\"row-33\">\n\t<td class=\"column-1\">1985<\/td><td class=\"column-2\">Lons-le-Saunier<\/td><td class=\"column-3\">Doublette Proven\u00e7al<\/td><td class=\"column-4\">MARENGHI Jean-Pierre JEANGUILLAUME Roland<\/td><td class=\"column-5\">1\/4 de Finale<\/td>\n<\/tr>\n<tr class=\"row-34\">\n\t<td class=\"column-1\">1983<\/td><td class=\"column-2\">Orl\u00e9ans<\/td><td class=\"column-3\">Triplette entreprises<\/td><td class=\"column-4\">TOURNIER Jean-Marie, FRANCOIS Guy, MOUREAU Bernard<\/td><td class=\"column-5\">1\/2 Finale<\/td>\n<\/tr>\n<tr class=\"row-35\">\n\t<td class=\"column-1\">1979<\/td><td class=\"column-2\">Mulhouse (68)<\/td><td class=\"column-3\">T \u00e0 T s\u00e9nior<\/td><td class=\"column-4\">FRACHEBOIS Janick<\/td><td class=\"column-5\">1\/2 Finale<\/td>\n<\/tr>\n<tr class=\"row-36\">\n\t<td class=\"column-1\">1978<\/td><td class=\"column-2\">Bagneux<\/td><td class=\"column-3\">T \u00e0 T s\u00e9nior<\/td><td class=\"column-4\">BORDY Philippe<\/td><td class=\"column-5\">1\/2 Finale<\/td>\n<\/tr>\n<tr class=\"row-37\">\n\t<td class=\"column-1\">1977<\/td><td class=\"column-2\">Toulouse<\/td><td class=\"column-3\">Doublette s\u00e9nior<\/td><td class=\"column-4\">TOURNIER Jean-Marie, BORDY Philippe<\/td><td class=\"column-5\">1\/4 de Finale<\/td>\n<\/tr>\n<tr class=\"row-38\">\n\t<td class=\"column-1\">1972<\/td><td class=\"column-2\">Roubaix<\/td><td class=\"column-3\">T \u00e0 T s\u00e9nior<\/td><td class=\"column-4\">TOURNIER Jean-Marie<\/td><td class=\"column-5\">1\/2 Finale<\/td>\n<\/tr>\n<tr class=\"row-39\">\n\t<td class=\"column-1\">1967<\/td><td class=\"column-2\">Chalon\/Sa\u00f4ne<\/td><td class=\"column-3\">Triplette junior<\/td><td class=\"column-4\">BORDY Philippe, LOCATELLI Jean, FRACHEBOIS Janick<\/td><td class=\"column-5\">1\/2 Finale<\/td>\n<\/tr>\n<tr class=\"row-40\">\n\t<td class=\"column-1\">1967<\/td><td class=\"column-2\">Saint-Etienne<\/td><td class=\"column-3\">T \u00e0 T s\u00e9nior<\/td><td class=\"column-4\">TOURNIER Jean-Marie<\/td><td class=\"column-5\">1\/4 de Finale<\/td>\n<\/tr>\n<tr class=\"row-41\">\n\t<td class=\"column-1\">1964<\/td><td class=\"column-2\">Carcassone<\/td><td class=\"column-3\">Triplette cadet<\/td><td class=\"column-4\">BORDY Philippe, LOCATELLI Jean, FRACHEBOIS Janick<\/td><td class=\"column-5\">1\/2 Finale<\/td>\n<\/tr>\n<tr class=\"row-42\">\n\t<td class=\"column-1\">1958<\/td><td class=\"column-2\">Valence<\/td><td class=\"column-3\">Triplette s\u00e9nior<\/td><td class=\"column-4\">BOUFFIER Ren\u00e9, DELPECH Ren\u00e9, FRANCHESCHINI Tullio<\/td><td class=\"column-5\">1\/4 de Finale<\/td>\n<\/tr>\n<\/tbody>\n<\/table>\n<!-- #tablepress-3 from cache -->\n\n\n\n<div class=\"wp-block-group is-style-default is-layout-flow wp-block-group-is-layout-flow\">\n<div class=\"wp-block-columns is-layout-flex wp-container-core-columns-is-layout-28f84493 wp-block-columns-is-layout-flex\">\n<div class=\"wp-block-column is-layout-flow wp-block-column-is-layout-flow\">\n<div class=\"wp-block-columns is-layout-flex wp-container-core-columns-is-layout-28f84493 wp-block-columns-is-layout-flex\">\n<div class=\"wp-block-column is-layout-flow wp-block-column-is-layout-flow\" style=\"flex-basis:100%\"><\/div>\n<\/div>\n<\/div>\n<\/div>\n<\/div>\n","protected":false},"excerpt":{"rendered":"","protected":false},"author":1,"featured_media":0,"parent":0,"menu_order":0,"comment_status":"closed","ping_status":"closed","template":"","meta":{"site-sidebar-layout":"default","site-content-layout":"","ast-site-content-layout":"default","site-content-style":"default","site-sidebar-style":"default","ast-global-header-display":"","ast-banner-title-visibility":"","ast-main-header-display":"","ast-hfb-above-header-display":"","ast-hfb-below-header-display":"","ast-hfb-mobile-header-display":"","site-post-title":"","ast-breadcrumbs-content":"","ast-featured-img":"","footer-sml-layout":"","ast-disable-related-posts":"","theme-transparent-header-meta":"","adv-header-id-meta":"","stick-header-meta":"","header-above-stick-meta":"","header-main-stick-meta":"","header-below-stick-meta":"","astra-migrate-meta-layouts":"default","ast-page-background-enabled":"default","ast-page-background-meta":{"desktop":{"background-color":"var(--ast-global-color-4)","background-image":"","background-repeat":"repeat","background-position":"center center","background-size":"auto","background-attachment":"scroll","background-type":"","background-media":"","overlay-type":"","overlay-color":"","overlay-opacity":"","overlay-gradient":""},"tablet":{"background-color":"","background-image":"","background-repeat":"repeat","background-position":"center center","background-size":"auto","background-attachment":"scroll","background-type":"","background-media":"","overlay-type":"","overlay-color":"","overlay-opacity":"","overlay-gradient":""},"mobile":{"background-color":"","background-image":"","background-repeat":"repeat","background-position":"center center","background-size":"auto","background-attachment":"scroll","background-type":"","background-media":"","overlay-type":"","overlay-color":"","overlay-opacity":"","overlay-gradient":""}},"ast-content-background-meta":{"desktop":{"background-color":"var(--ast-global-color-5)","background-image":"","background-repeat":"repeat","background-position":"center center","background-size":"auto","background-attachment":"scroll","background-type":"","background-media":"","overlay-type":"","overlay-color":"","overlay-opacity":"","overlay-gradient":""},"tablet":{"background-color":"var(--ast-global-color-5)","background-image":"","background-repeat":"repeat","background-position":"center center","background-size":"auto","background-attachment":"scroll","background-type":"","background-media":"","overlay-type":"","overlay-color":"","overlay-opacity":"","overlay-gradient":""},"mobile":{"background-color":"var(--ast-global-color-5)","background-image":"","background-repeat":"repeat","background-position":"center center","background-size":"auto","background-attachment":"scroll","background-type":"","background-media":"","overlay-type":"","overlay-color":"","overlay-opacity":"","overlay-gradient":""}},"footnotes":""},"class_list":["post-934","page","type-page","status-publish","hentry"],"jetpack_sharing_enabled":true,"_links":{"self":[{"href":"https:\/\/www.ffpjp25.com\/index.php\/wp-json\/wp\/v2\/pages\/934","targetHints":{"allow":["GET"]}}],"collection":[{"href":"https:\/\/www.ffpjp25.com\/index.php\/wp-json\/wp\/v2\/pages"}],"about":[{"href":"https:\/\/www.ffpjp25.com\/index.php\/wp-json\/wp\/v2\/types\/page"}],"author":[{"embeddable":true,"href":"https:\/\/www.ffpjp25.com\/index.php\/wp-json\/wp\/v2\/users\/1"}],"replies":[{"embeddable":true,"href":"https:\/\/www.ffpjp25.com\/index.php\/wp-json\/wp\/v2\/comments?post=934"}],"version-history":[{"count":5,"href":"https:\/\/www.ffpjp25.com\/index.php\/wp-json\/wp\/v2\/pages\/934\/revisions"}],"predecessor-version":[{"id":944,"href":"https:\/\/www.ffpjp25.com\/index.php\/wp-json\/wp\/v2\/pages\/934\/revisions\/944"}],"wp:attachment":[{"href":"https:\/\/www.ffpjp25.com\/index.php\/wp-json\/wp\/v2\/media?parent=934"}],"curies":[{"name":"wp","href":"https:\/\/api.w.org\/{rel}","templated":true}]}}