{"id":912,"date":"2022-09-28T17:37:34","date_gmt":"2022-09-28T17:37:34","guid":{"rendered":"https:\/\/www.ffpjp25.com\/?page_id=912"},"modified":"2025-12-29T09:23:18","modified_gmt":"2025-12-29T08:23:18","slug":"dates-des-chpts","status":"publish","type":"page","link":"https:\/\/www.ffpjp25.com\/index.php\/dates-des-chpts\/","title":{"rendered":"Dates des Chpts"},"content":{"rendered":"\n<h2 class=\"wp-block-heading has-text-align-center has-vivid-red-color has-text-color has-large-font-size\"><strong>2026<\/strong><\/h2>\n\n\n\n<p class=\"has-text-align-center has-black-color has-pale-cyan-blue-background-color has-text-color has-background has-link-color has-large-font-size wp-elements-3d48a40cd7aee9fe188703bcecf91279\"><strong>D\u00e9partementaux<\/strong><\/p>\n\n\n\n<table id=\"tablepress-9\" class=\"tablepress tablepress-id-9\">\n<thead>\n<tr class=\"row-1\">\n\t<th class=\"column-1\">Epreuve<\/th><th class=\"column-2\">Date<\/th><th class=\"column-3\">Lieu<\/th><th class=\"column-4\">Inscrip_Av<\/th>\n<\/tr>\n<\/thead>\n<tbody class=\"row-striping row-hover\">\n<tr class=\"row-2\">\n\t<td class=\"column-1\">Triplette Promotion<\/td><td class=\"column-2\">samedi 21 mars - 14h00 - dimanche 22 mars - 09h00<\/td><td class=\"column-3\">Beure (Rosemont)<\/td><td class=\"column-4\">dimanche 15 mars 2026<\/td>\n<\/tr>\n<tr class=\"row-3\">\n\t<td class=\"column-1\">Doublette F\u00e9minin<\/td><td class=\"column-2\">samedi 28 mars - 14h00 - dimanche 29 mars - 09h00<\/td><td class=\"column-3\">H\u00e9rimoncourt-PierreFontaine\/Orchamps-Thise<\/td><td class=\"column-4\">dimanche 22 mars 2026<\/td>\n<\/tr>\n<tr class=\"row-4\">\n\t<td class=\"column-1\">T\u00eate \u00e0 t\u00eate Masculin<\/td><td class=\"column-2\">samedi 28 mars - 09h00 - dimanche 29 mars - 09h00<\/td><td class=\"column-3\">H\u00e9rimoncourt-PierreFontaine\/Orchamps-Thise<\/td><td class=\"column-4\">dimanche 22 mars 2026<\/td>\n<\/tr>\n<tr class=\"row-5\">\n\t<td class=\"column-1\">Triplette Jeu Provencal<\/td><td class=\"column-2\">samedi 04 avril - 08h30 - dimanche 05 avril - 08h30<\/td><td class=\"column-3\">Valentigney<\/td><td class=\"column-4\">dimanche 29 mars 2026<\/td>\n<\/tr>\n<tr class=\"row-6\">\n\t<td class=\"column-1\">Triplette Masculin<\/td><td class=\"column-2\">samedi 11 avril - 14h00 - dimanche 12 avril - 09h00<\/td><td class=\"column-3\">Saint-Vit Complexe Michel VAUTROT<\/td><td class=\"column-4\">dimanche 5 avril 2026<\/td>\n<\/tr>\n<tr class=\"row-7\">\n\t<td class=\"column-1\">Triplette F\u00e9minin<\/td><td class=\"column-2\">samedi 11 avril - 14h00 - dimanche 12 avril - 09h00<\/td><td class=\"column-3\">Saint-Vit Complexe Michel VAUTROT<\/td><td class=\"column-4\">dimanche 5 avril 2026<\/td>\n<\/tr>\n<tr class=\"row-8\">\n\t<td class=\"column-1\">Triplette Jeune Junior<\/td><td class=\"column-2\">dimanche 12 avril - 10h00<\/td><td class=\"column-3\">Saint-Vit Complexe Michel VAUTROT<\/td><td class=\"column-4\">jeudi 9 avril 2026<\/td>\n<\/tr>\n<tr class=\"row-9\">\n\t<td class=\"column-1\">Triplette Jeune Cadet<\/td><td class=\"column-2\">dimanche 12 avril - 10h00<\/td><td class=\"column-3\">Saint-Vit Complexe Michel VAUTROT<\/td><td class=\"column-4\">jeudi 9 avril 2026<\/td>\n<\/tr>\n<tr class=\"row-10\">\n\t<td class=\"column-1\">Triplette Jeune Minime<\/td><td class=\"column-2\">dimanche 12 avril - 10h00<\/td><td class=\"column-3\">Saint-Vit Complexe Michel VAUTROT<\/td><td class=\"column-4\">jeudi 9 avril 2026<\/td>\n<\/tr>\n<tr class=\"row-11\">\n\t<td class=\"column-1\">Doublette Mixte<\/td><td class=\"column-2\">samedi 18 avril - 14h00 - dimanche 19 avril - 09h00<\/td><td class=\"column-3\">Villers-le-Lac<\/td><td class=\"column-4\">dimanche 12 avril 2026<\/td>\n<\/tr>\n<tr class=\"row-12\">\n\t<td class=\"column-1\">Triplette V\u00e9t\u00e9rans<\/td><td class=\"column-2\">mercredi 22 avril - 14h00 - jeudi 23 avril - 09h00<\/td><td class=\"column-3\">Seloncourt (Stade d'H\u00e9rimoncourt)<\/td><td class=\"column-4\">jeudi 16 avril 2026<\/td>\n<\/tr>\n<tr class=\"row-13\">\n\t<td class=\"column-1\">Doublette Masculin<\/td><td class=\"column-2\">samedi 25 avr - 14h00 - dimanche 26 avr - 09h00<\/td><td class=\"column-3\">Thise (A\u00e9rodrome)<\/td><td class=\"column-4\">dimanche 19 avril 2026<\/td>\n<\/tr>\n<tr class=\"row-14\">\n\t<td class=\"column-1\">T\u00eate \u00e0 T\u00eate F\u00e9minin<\/td><td class=\"column-2\">dimanche 26 avril - 09h00<\/td><td class=\"column-3\">Thise (A\u00e9rodrome)<\/td><td class=\"column-4\">dimanche 19 avril 2026<\/td>\n<\/tr>\n<tr class=\"row-15\">\n\t<td class=\"column-1\">Triplette Mixte<\/td><td class=\"column-2\">samedi 02 mai - 14h00 - dimanche 03 mai - 09h00<\/td><td class=\"column-3\">H\u00e9rimoncourt<\/td><td class=\"column-4\">dimanche 26 avril 2026<\/td>\n<\/tr>\n<tr class=\"row-16\">\n\t<td class=\"column-1\">Doublette Jeu Provencal<\/td><td class=\"column-2\">samedi 09 mai - 08h30 - dimanche 10 mai - 08h30<\/td><td class=\"column-3\">Saint-Vit (Rosemont)<\/td><td class=\"column-4\">dimanche 3 mai 2026<\/td>\n<\/tr>\n<tr class=\"row-17\">\n\t<td class=\"column-1\">Doublette Jeune Junior<\/td><td class=\"column-2\">dimanche 19 avril - 10h00<\/td><td class=\"column-3\">Villers-le-Lac<\/td><td class=\"column-4\">jeudi 16 avril 2026<\/td>\n<\/tr>\n<tr class=\"row-18\">\n\t<td class=\"column-1\">Doublette Jeune Cadet<\/td><td class=\"column-2\">dimanche 19 avril - 10h00<\/td><td class=\"column-3\">Villers-le-Lac<\/td><td class=\"column-4\">jeudi 16 avril 2026<\/td>\n<\/tr>\n<tr class=\"row-19\">\n\t<td class=\"column-1\">Doublette Jeune Minime<\/td><td class=\"column-2\">dimanche 19 avril - 10h00<\/td><td class=\"column-3\">Villers-le-Lac<\/td><td class=\"column-4\">jeudi 16 avril 2026<\/td>\n<\/tr>\n<tr class=\"row-20\">\n\t<td class=\"column-1\">T\u00eate \u00e0 T\u00eate Jeune Junior<\/td><td class=\"column-2\">dimanche 26 avril - 10h00<\/td><td class=\"column-3\">Thise (A\u00e9rodrome)<\/td><td class=\"column-4\">jeudi 23 avril 2026<\/td>\n<\/tr>\n<tr class=\"row-21\">\n\t<td class=\"column-1\">T\u00eate \u00e0 T\u00eate Jeune Cadet<\/td><td class=\"column-2\">dimanche 26 avril - 10h00<\/td><td class=\"column-3\">Thise (A\u00e9rodrome)<\/td><td class=\"column-4\">jeudi 23 avril 2026<\/td>\n<\/tr>\n<tr class=\"row-22\">\n\t<td class=\"column-1\">T\u00eate \u00e0 T\u00eate Jeune Minime<\/td><td class=\"column-2\">dimanche 26 avril - 10h00<\/td><td class=\"column-3\">Thise (A\u00e9rodrome)<\/td><td class=\"column-4\">jeudi 23 avril 2026<\/td>\n<\/tr>\n<tr class=\"row-23\">\n\t<td class=\"column-1\">Doublette V\u00e9t\u00e9rans<\/td><td class=\"column-2\">mardi 01 septembre - 08h30<\/td><td class=\"column-3\">Montlebon<\/td><td class=\"column-4\">mercredi 26 ao\u00fbt 2026<\/td>\n<\/tr>\n<tr class=\"row-24\">\n\t<td class=\"column-1\">T\u00eate \u00e0 T\u00eate V\u00e9t\u00e9rans<\/td><td class=\"column-2\">mardi 22 septembre - 08h30<\/td><td class=\"column-3\">Baume-les-Dames<\/td><td class=\"column-4\">mercredi 16 septembre 2026<\/td>\n<\/tr>\n<\/tbody>\n<\/table>\n\n\n\n\n<p class=\"has-text-align-center has-black-color has-light-green-cyan-background-color has-text-color has-background has-link-color has-large-font-size wp-elements-c23e3c9d6f7109d70282ac4f2a432dc7\"><strong>R\u00e9gionaux<\/strong><\/p>\n\n\n\n<table id=\"tablepress-21\" class=\"tablepress tablepress-id-21\">\n<thead>\n<tr class=\"row-1\">\n\t<th class=\"column-1\">Championnats BFC<\/th><th class=\"column-2\">Lieu Chpt BFC<\/th><th class=\"column-3\">Heure et date<\/th>\n<\/tr>\n<\/thead>\n<tbody class=\"row-striping row-hover\">\n<tr class=\"row-2\">\n\t<td class=\"column-1\">Triplette Promotion<\/td><td class=\"column-2\">La-Celle-en-Morvan (71)<\/td><td class=\"column-3\">08h30 le 23 Mai 2026<\/td>\n<\/tr>\n<tr class=\"row-3\">\n\t<td class=\"column-1\">Doublette F\u00e9minin<\/td><td class=\"column-2\">La-Celle-en-Morvan (71)<\/td><td class=\"column-3\">08h30 le 25 Mai 2026<\/td>\n<\/tr>\n<tr class=\"row-4\">\n\t<td class=\"column-1\">T\u00eate \u00e0 t\u00eate Masculin<\/td><td class=\"column-2\">La-Celle-en-Morvan (71)<\/td><td class=\"column-3\">08h30 le 25 Mai 2026<\/td>\n<\/tr>\n<tr class=\"row-5\">\n\t<td class=\"column-1\">Triplette Jeu Provencal<\/td><td class=\"column-2\">Vesontio-Rosemont (25)<\/td><td class=\"column-3\">les 30 et 31 Mai 2026<\/td>\n<\/tr>\n<tr class=\"row-6\">\n\t<td class=\"column-1\">Triplette Masculin<\/td><td class=\"column-2\">Vesoul (70)<\/td><td class=\"column-3\">08h30 le 14 Mai 2026<\/td>\n<\/tr>\n<tr class=\"row-7\">\n\t<td class=\"column-1\">Triplette F\u00e9minin<\/td><td class=\"column-2\">Vesoul (70)<\/td><td class=\"column-3\">08h30 le 14 Mai 2026<\/td>\n<\/tr>\n<tr class=\"row-8\">\n\t<td class=\"column-1\">Triplette Jeune Junior<\/td><td class=\"column-2\">Marzy (58)<\/td><td class=\"column-3\">le 08 Mai 2026<\/td>\n<\/tr>\n<tr class=\"row-9\">\n\t<td class=\"column-1\">Triplette Jeune Cadet<\/td><td class=\"column-2\">Marzy (58)<\/td><td class=\"column-3\">le 08 Mai 2026<\/td>\n<\/tr>\n<tr class=\"row-10\">\n\t<td class=\"column-1\">Triplette Jeune Minime<\/td><td class=\"column-2\">Marzy (58)<\/td><td class=\"column-3\">le 08 Mai 2026<\/td>\n<\/tr>\n<tr class=\"row-11\">\n\t<td class=\"column-1\">Doublette Mixte<\/td><td class=\"column-2\">Vesoul (70)<\/td><td class=\"column-3\">08h30 le 16 Mai 2026<\/td>\n<\/tr>\n<tr class=\"row-12\">\n\t<td class=\"column-1\">Triplette V\u00e9t\u00e9rans<\/td><td class=\"column-2\">Vesoul (70)<\/td><td class=\"column-3\">08h30 le 15 Mai 2026<\/td>\n<\/tr>\n<tr class=\"row-13\">\n\t<td class=\"column-1\">Doublette Masculin<\/td><td class=\"column-2\">La-Celle-en-Morvan (71)<\/td><td class=\"column-3\">08h30 le 24 Mai 2026<\/td>\n<\/tr>\n<tr class=\"row-14\">\n\t<td class=\"column-1\">T\u00eate \u00e0 T\u00eate F\u00e9minin<\/td><td class=\"column-2\">La-Celle-en-Morvan (71)<\/td><td class=\"column-3\">08h30 le 24 Mai 2026<\/td>\n<\/tr>\n<tr class=\"row-15\">\n\t<td class=\"column-1\">Triplette Mixte<\/td><td class=\"column-2\">Vesoul (70)<\/td><td class=\"column-3\">08h30 le 17 Mai 2026<\/td>\n<\/tr>\n<tr class=\"row-16\">\n\t<td class=\"column-1\">Doublette Jeu Provencal<\/td><td class=\"column-2\">Pont-de-Roide-Vermondans (25)<\/td><td class=\"column-3\">08h30 les 06 et 07 Juin 2026<\/td>\n<\/tr>\n<\/tbody>\n<\/table>\n\n\n\n\n<p class=\"has-text-align-center has-black-color has-text-color has-background has-link-color has-large-font-size wp-elements-0b7a3bf3b2d1e246fa7b6e67c9d39d61\" style=\"background:linear-gradient(135deg,rgb(2,3,129) 0%,rgb(248,248,248) 34%,rgb(253,253,253) 62%,rgb(252,3,3) 100%)\"><strong>France<\/strong><\/p>\n\n\n\n<table id=\"tablepress-22\" class=\"tablepress tablepress-id-22\">\n<thead>\n<tr class=\"row-1\">\n\t<th class=\"column-1\">Championnats France<\/th><th class=\"column-2\">Date<\/th><th class=\"column-3\">Lieu CDF<\/th>\n<\/tr>\n<\/thead>\n<tbody class=\"row-striping row-hover\">\n<tr class=\"row-2\">\n\t<td class=\"column-1\">Triplette Promotion<\/td><td class=\"column-2\">22 -23 Ao\u00fbt 2026<\/td><td class=\"column-3\">SAINT YRIEIX (16)<\/td>\n<\/tr>\n<tr class=\"row-3\">\n\t<td class=\"column-1\">Doublette F\u00e9minin<\/td><td class=\"column-2\">25-26 Juillet 2026<\/td><td class=\"column-3\">BERGERAC (24)<\/td>\n<\/tr>\n<tr class=\"row-4\">\n\t<td class=\"column-1\">T\u00eate \u00e0 t\u00eate Masculin<\/td><td class=\"column-2\">25-26 Juillet 2026<\/td><td class=\"column-3\">BERGERAC (24)<\/td>\n<\/tr>\n<tr class=\"row-5\">\n\t<td class=\"column-1\">Triplette Jeu Provencal<\/td><td class=\"column-2\">3-4-5 Juillet 2026<\/td><td class=\"column-3\">BLAYE LES MINES (81)<\/td>\n<\/tr>\n<tr class=\"row-6\">\n\t<td class=\"column-1\">Triplette Masculin<\/td><td class=\"column-2\">20-21 Juin 2026<\/td><td class=\"column-3\">SIN-LE-NOBLE (59)<\/td>\n<\/tr>\n<tr class=\"row-7\">\n\t<td class=\"column-1\">Triplette F\u00e9minin<\/td><td class=\"column-2\">20-21 Juin 2026<\/td><td class=\"column-3\">SIN-LE-NOBLE (59)<\/td>\n<\/tr>\n<tr class=\"row-8\">\n\t<td class=\"column-1\">Triplette Jeune Junior<\/td><td class=\"column-2\">11-12 Juillet 2026<\/td><td class=\"column-3\">BLAYE LES MINES (81)<\/td>\n<\/tr>\n<tr class=\"row-9\">\n\t<td class=\"column-1\">Triplette Jeune Cadet<\/td><td class=\"column-2\">11-12 Juillet 2026<\/td><td class=\"column-3\">BLAYE LES MINES (81)<\/td>\n<\/tr>\n<tr class=\"row-10\">\n\t<td class=\"column-1\">Triplette Jeune Minime<\/td><td class=\"column-2\">11-12 Juillet 2026<\/td><td class=\"column-3\">BLAYE LES MINES (81)<\/td>\n<\/tr>\n<tr class=\"row-11\">\n\t<td class=\"column-1\">Doublette Mixte<\/td><td class=\"column-2\">27-28 Juin 2026<\/td><td class=\"column-3\">AJACCIO (2A)<\/td>\n<\/tr>\n<tr class=\"row-12\">\n\t<td class=\"column-1\">Triplette V\u00e9t\u00e9rans<\/td><td class=\"column-2\">19-20 Ao\u00fbt 2026<\/td><td class=\"column-3\">SAINT YRIEIX (16)<\/td>\n<\/tr>\n<tr class=\"row-13\">\n\t<td class=\"column-1\">Doublette Masculin<\/td><td class=\"column-2\">29-30 Ao\u00fbt 2026<\/td><td class=\"column-3\">SAINT FLORENTIN (89)<\/td>\n<\/tr>\n<tr class=\"row-14\">\n\t<td class=\"column-1\">T\u00eate \u00e0 T\u00eate F\u00e9minin<\/td><td class=\"column-2\">29-30 Ao\u00fbt 2026<\/td><td class=\"column-3\">SAINT FLORENTIN (89)<\/td>\n<\/tr>\n<tr class=\"row-15\">\n\t<td class=\"column-1\">Triplette Mixte<\/td><td class=\"column-2\">18-19 Juillet 2026<\/td><td class=\"column-3\">NICE (06)<\/td>\n<\/tr>\n<tr class=\"row-16\">\n\t<td class=\"column-1\">Doublette Jeu Provencal<\/td><td class=\"column-2\">4-5-6 Septembre 2026<\/td><td class=\"column-3\">BRIAN\u00c7ON (05)<\/td>\n<\/tr>\n<\/tbody>\n<\/table>\n\n\n\n\n<p><\/p>\n","protected":false},"excerpt":{"rendered":"<p>2026 D\u00e9partementaux R\u00e9gionaux France<\/p>\n","protected":false},"author":1,"featured_media":0,"parent":0,"menu_order":0,"comment_status":"closed","ping_status":"closed","template":"","meta":{"site-sidebar-layout":"default","site-content-layout":"","ast-site-content-layout":"default","site-content-style":"default","site-sidebar-style":"default","ast-global-header-display":"","ast-banner-title-visibility":"","ast-main-header-display":"","ast-hfb-above-header-display":"","ast-hfb-below-header-display":"","ast-hfb-mobile-header-display":"","site-post-title":"","ast-breadcrumbs-content":"","ast-featured-img":"","footer-sml-layout":"","ast-disable-related-posts":"","theme-transparent-header-meta":"","adv-header-id-meta":"","stick-header-meta":"","header-above-stick-meta":"","header-main-stick-meta":"","header-below-stick-meta":"","astra-migrate-meta-layouts":"default","ast-page-background-enabled":"default","ast-page-background-meta":{"desktop":{"background-color":"var(--ast-global-color-4)","background-image":"","background-repeat":"repeat","background-position":"center center","background-size":"auto","background-attachment":"scroll","background-type":"","background-media":"","overlay-type":"","overlay-color":"","overlay-opacity":"","overlay-gradient":""},"tablet":{"background-color":"","background-image":"","background-repeat":"repeat","background-position":"center center","background-size":"auto","background-attachment":"scroll","background-type":"","background-media":"","overlay-type":"","overlay-color":"","overlay-opacity":"","overlay-gradient":""},"mobile":{"background-color":"","background-image":"","background-repeat":"repeat","background-position":"center center","background-size":"auto","background-attachment":"scroll","background-type":"","background-media":"","overlay-type":"","overlay-color":"","overlay-opacity":"","overlay-gradient":""}},"ast-content-background-meta":{"desktop":{"background-color":"var(--ast-global-color-5)","background-image":"","background-repeat":"repeat","background-position":"center center","background-size":"auto","background-attachment":"scroll","background-type":"","background-media":"","overlay-type":"","overlay-color":"","overlay-opacity":"","overlay-gradient":""},"tablet":{"background-color":"var(--ast-global-color-5)","background-image":"","background-repeat":"repeat","background-position":"center center","background-size":"auto","background-attachment":"scroll","background-type":"","background-media":"","overlay-type":"","overlay-color":"","overlay-opacity":"","overlay-gradient":""},"mobile":{"background-color":"var(--ast-global-color-5)","background-image":"","background-repeat":"repeat","background-position":"center center","background-size":"auto","background-attachment":"scroll","background-type":"","background-media":"","overlay-type":"","overlay-color":"","overlay-opacity":"","overlay-gradient":""}},"footnotes":""},"class_list":["post-912","page","type-page","status-publish","hentry"],"jetpack_sharing_enabled":true,"_links":{"self":[{"href":"https:\/\/www.ffpjp25.com\/index.php\/wp-json\/wp\/v2\/pages\/912","targetHints":{"allow":["GET"]}}],"collection":[{"href":"https:\/\/www.ffpjp25.com\/index.php\/wp-json\/wp\/v2\/pages"}],"about":[{"href":"https:\/\/www.ffpjp25.com\/index.php\/wp-json\/wp\/v2\/types\/page"}],"author":[{"embeddable":true,"href":"https:\/\/www.ffpjp25.com\/index.php\/wp-json\/wp\/v2\/users\/1"}],"replies":[{"embeddable":true,"href":"https:\/\/www.ffpjp25.com\/index.php\/wp-json\/wp\/v2\/comments?post=912"}],"version-history":[{"count":13,"href":"https:\/\/www.ffpjp25.com\/index.php\/wp-json\/wp\/v2\/pages\/912\/revisions"}],"predecessor-version":[{"id":13353,"href":"https:\/\/www.ffpjp25.com\/index.php\/wp-json\/wp\/v2\/pages\/912\/revisions\/13353"}],"wp:attachment":[{"href":"https:\/\/www.ffpjp25.com\/index.php\/wp-json\/wp\/v2\/media?parent=912"}],"curies":[{"name":"wp","href":"https:\/\/api.w.org\/{rel}","templated":true}]}}