{"id":9,"date":"2022-09-24T22:17:06","date_gmt":"2022-09-24T22:17:06","guid":{"rendered":"https:\/\/www.ffpjp25.com\/?page_id=9"},"modified":"2025-02-15T09:37:55","modified_gmt":"2025-02-15T08:37:55","slug":"a-propos-de","status":"publish","type":"page","link":"https:\/\/www.ffpjp25.com\/index.php\/a-propos-de\/","title":{"rendered":"Commission Jeunes"},"content":{"rendered":"\n<p class=\"has-white-background-color has-background\">Vous pourriez \u00eatre un artiste et vouloir pr\u00e9senter vos travaux et vous m\u00eame ou encore \u00eatre une entreprise avec une mission \u00e0 promouvoir.<\/p>\n\n\n\n<pre class=\"wp-block-preformatted has-black-color has-white-background-color has-text-color has-background has-link-color wp-elements-5992a2e286be2415391565ec13170f49\"><strong><mark style=\"background-color:rgba(0, 0, 0, 0)\" class=\"has-inline-color has-vivid-cyan-blue-color\">Comit\u00e9 du DOUBS<\/mark><\/strong><br>Commission Jeunes\t <br>Pr\u00e9sident:\t      Jean Pierre MARENGHI<br>Membre du comit\u00e9:     MOUILLESEAUX Yves, BONTEMPS Thomas<br>Membre ext\u00e9rieurs:    FRACHEBOIS Patrick, BERGERY Christophe, GARRIGOS Lucien, ROZE Mathilde<br>Mesdames et messieurs les \u00e9ducateurs et initiateurs<\/pre>\n\n\n\n<h2 class=\"wp-block-heading\">Compte rendu Commission Jeunes<\/h2>\n\n\n\n<h2 class=\"wp-block-heading has-large-font-size\">2025<\/h2>\n\n\n\n<div data-wp-interactive=\"core\/file\" class=\"wp-block-file\"><object data-wp-bind--hidden=\"!state.hasPdfPreview\" hidden class=\"wp-block-file__embed\" data=\"https:\/\/www.ffpjp25.com\/wp-content\/uploads\/2025\/02\/La-1ere-reunion-de-la-commission-jeunes.pdf\" type=\"application\/pdf\" style=\"width:100%;height:600px\" aria-label=\"Contenu embarqu\u00e9 La 1ere r\u00e9union de la commission jeunes.\"><\/object><a id=\"wp-block-file--media-9213fd83-90e9-475c-8dfe-4ef83b63521f\" href=\"https:\/\/www.ffpjp25.com\/wp-content\/uploads\/2025\/02\/La-1ere-reunion-de-la-commission-jeunes.pdf\">La 1ere r\u00e9union de la commission jeunes<\/a><a href=\"https:\/\/www.ffpjp25.com\/wp-content\/uploads\/2025\/02\/La-1ere-reunion-de-la-commission-jeunes.pdf\" class=\"wp-block-file__button wp-element-button\" download aria-describedby=\"wp-block-file--media-9213fd83-90e9-475c-8dfe-4ef83b63521f\">T\u00e9l\u00e9charger<\/a><\/div>\n\n\n\n<h2 class=\"wp-block-heading has-large-font-size\">2024<\/h2>\n\n\n\n<div data-wp-interactive=\"core\/file\" class=\"wp-block-file\"><object data-wp-bind--hidden=\"!state.hasPdfPreview\" hidden class=\"wp-block-file__embed\" data=\"https:\/\/www.ffpjp25.com\/wp-content\/uploads\/2024\/02\/Compte-rendu-commission-13-Fevrier.pdf\" type=\"application\/pdf\" style=\"width:100%;height:600px\" aria-label=\"Contenu embarqu\u00e9 Compte-rendu-commission-13-Fevrier.\"><\/object><a id=\"wp-block-file--media-26a6d516-70df-443a-a9ac-bdb3597a5314\" href=\"https:\/\/www.ffpjp25.com\/wp-content\/uploads\/2024\/02\/Compte-rendu-commission-13-Fevrier.pdf\">Compte-rendu-commission-13-Fevrier<\/a><a href=\"https:\/\/www.ffpjp25.com\/wp-content\/uploads\/2024\/02\/Compte-rendu-commission-13-Fevrier.pdf\" class=\"wp-block-file__button wp-element-button\" download aria-describedby=\"wp-block-file--media-26a6d516-70df-443a-a9ac-bdb3597a5314\">T\u00e9l\u00e9charger<\/a><\/div>\n\n\n\n<div class=\"wp-block-buttons is-layout-flex wp-block-buttons-is-layout-flex\">\n<div class=\"wp-block-button\"><a class=\"wp-block-button__link wp-element-button\" href=\"https:\/\/www.ffpjp25.com\/index.php\/nombre-de-licencies-club\/\">Effectifs Jeunes<\/a><\/div>\n<\/div>\n","protected":false},"excerpt":{"rendered":"<p>Vous pourriez \u00eatre un artiste et vouloir pr\u00e9senter vos travaux et vous m\u00eame ou encore \u00eatre une entreprise avec une [&hellip;]<\/p>\n","protected":false},"author":1,"featured_media":0,"parent":0,"menu_order":0,"comment_status":"closed","ping_status":"closed","template":"","meta":{"site-sidebar-layout":"default","site-content-layout":"","ast-site-content-layout":"default","site-content-style":"default","site-sidebar-style":"default","ast-global-header-display":"","ast-banner-title-visibility":"","ast-main-header-display":"","ast-hfb-above-header-display":"","ast-hfb-below-header-display":"","ast-hfb-mobile-header-display":"","site-post-title":"","ast-breadcrumbs-content":"","ast-featured-img":"","footer-sml-layout":"","ast-disable-related-posts":"","theme-transparent-header-meta":"","adv-header-id-meta":"","stick-header-meta":"","header-above-stick-meta":"","header-main-stick-meta":"","header-below-stick-meta":"","astra-migrate-meta-layouts":"default","ast-page-background-enabled":"default","ast-page-background-meta":{"desktop":{"background-color":"var(--ast-global-color-4)","background-image":"","background-repeat":"repeat","background-position":"center center","background-size":"auto","background-attachment":"scroll","background-type":"","background-media":"","overlay-type":"","overlay-color":"","overlay-opacity":"","overlay-gradient":""},"tablet":{"background-color":"","background-image":"","background-repeat":"repeat","background-position":"center center","background-size":"auto","background-attachment":"scroll","background-type":"","background-media":"","overlay-type":"","overlay-color":"","overlay-opacity":"","overlay-gradient":""},"mobile":{"background-color":"","background-image":"","background-repeat":"repeat","background-position":"center center","background-size":"auto","background-attachment":"scroll","background-type":"","background-media":"","overlay-type":"","overlay-color":"","overlay-opacity":"","overlay-gradient":""}},"ast-content-background-meta":{"desktop":{"background-color":"var(--ast-global-color-5)","background-image":"","background-repeat":"repeat","background-position":"center center","background-size":"auto","background-attachment":"scroll","background-type":"","background-media":"","overlay-type":"","overlay-color":"","overlay-opacity":"","overlay-gradient":""},"tablet":{"background-color":"var(--ast-global-color-5)","background-image":"","background-repeat":"repeat","background-position":"center center","background-size":"auto","background-attachment":"scroll","background-type":"","background-media":"","overlay-type":"","overlay-color":"","overlay-opacity":"","overlay-gradient":""},"mobile":{"background-color":"var(--ast-global-color-5)","background-image":"","background-repeat":"repeat","background-position":"center center","background-size":"auto","background-attachment":"scroll","background-type":"","background-media":"","overlay-type":"","overlay-color":"","overlay-opacity":"","overlay-gradient":""}},"footnotes":""},"class_list":["post-9","page","type-page","status-publish","hentry"],"jetpack_sharing_enabled":true,"_links":{"self":[{"href":"https:\/\/www.ffpjp25.com\/index.php\/wp-json\/wp\/v2\/pages\/9","targetHints":{"allow":["GET"]}}],"collection":[{"href":"https:\/\/www.ffpjp25.com\/index.php\/wp-json\/wp\/v2\/pages"}],"about":[{"href":"https:\/\/www.ffpjp25.com\/index.php\/wp-json\/wp\/v2\/types\/page"}],"author":[{"embeddable":true,"href":"https:\/\/www.ffpjp25.com\/index.php\/wp-json\/wp\/v2\/users\/1"}],"replies":[{"embeddable":true,"href":"https:\/\/www.ffpjp25.com\/index.php\/wp-json\/wp\/v2\/comments?post=9"}],"version-history":[{"count":11,"href":"https:\/\/www.ffpjp25.com\/index.php\/wp-json\/wp\/v2\/pages\/9\/revisions"}],"predecessor-version":[{"id":9505,"href":"https:\/\/www.ffpjp25.com\/index.php\/wp-json\/wp\/v2\/pages\/9\/revisions\/9505"}],"wp:attachment":[{"href":"https:\/\/www.ffpjp25.com\/index.php\/wp-json\/wp\/v2\/media?parent=9"}],"curies":[{"name":"wp","href":"https:\/\/api.w.org\/{rel}","templated":true}]}}