{"id":826,"date":"2022-09-27T07:39:08","date_gmt":"2022-09-27T07:39:08","guid":{"rendered":"https:\/\/www.ffpjp25.com\/?page_id=826"},"modified":"2025-12-31T12:19:38","modified_gmt":"2025-12-31T11:19:38","slug":"telechargement","status":"publish","type":"page","link":"https:\/\/www.ffpjp25.com\/index.php\/telechargement\/","title":{"rendered":"T\u00e9l\u00e9chargement"},"content":{"rendered":"\n<figure class=\"wp-block-table is-style-stripes\"><table class=\"has-vivid-red-color has-white-background-color has-text-color has-background has-link-color\" style=\"border-style:none;border-width:0px\"><tbody><tr><td class=\"has-text-align-center\" data-align=\"center\"><a href=\"https:\/\/www.ffpjp25.com\/wp-content\/uploads\/2025\/10\/NOTE-MUTATIONS-2025-2026.pdf\">Note FFPJP Mutations<\/a><\/td><td class=\"has-text-align-center\" data-align=\"center\"><a href=\"https:\/\/www.ffpjp25.com\/wp-content\/uploads\/2024\/11\/Bordereau_de_licence_CLUB_au_COMITE.xlsx\" data-type=\"URL\" data-id=\"https:\/\/www.ffpjp25.com\/wp-content\/uploads\/2022\/10\/Bordereau_de_licence_CLUB_au_COMITE.xlsx\" target=\"_blank\" rel=\"noreferrer noopener\">Demande de licence au Comit\u00e9<\/a><\/td><td class=\"has-text-align-center\" data-align=\"center\"><a href=\"https:\/\/ffpjp.org\/portail\/images\/2022\/QUESTIONNAIRE_SANTE_MAJEUR.pdf\" data-type=\"URL\" data-id=\"https:\/\/ffpjp.org\/portail\/images\/2022\/QUESTIONNAIRE_SANTE_MAJEUR.pdf\" target=\"_blank\" rel=\"noreferrer noopener\">Questionnaire de Sant\u00e9 pour Majeur<\/a><\/td><\/tr><tr><td class=\"has-text-align-center\" data-align=\"center\"><a href=\"https:\/\/www.ffpjp25.com\/wp-content\/uploads\/2025\/11\/intention_mutation_2026.pdf\" target=\"_blank\" rel=\"noreferrer noopener\">Formulaire de Mutation 2026<\/a><\/td><td class=\"has-text-align-center\" data-align=\"center\"><a href=\"https:\/\/www.ffpjp25.com\/wp-content\/uploads\/2025\/11\/AFFILIATION-CLUBS.xls\" data-type=\"URL\" data-id=\"https:\/\/www.ffpjp25.com\/wp-content\/uploads\/2022\/12\/AFFILIATION-CLUBS.xls\" target=\"_blank\" rel=\"noreferrer noopener\">Demande d&rsquo;Affiliation 2026<\/a><\/td><td class=\"has-text-align-center\" data-align=\"center\"><a href=\"https:\/\/www.ffpjp25.com\/wp-content\/uploads\/2025\/11\/QUESTIONNAIRE-SANTE-MINEUR.pdf\" data-type=\"URL\" data-id=\"https:\/\/ffpjp.org\/portail\/images\/2022\/QUESTIONNAIRE_SANTE_MINEUR.pdf\" target=\"_blank\" rel=\"noreferrer noopener\">Questionnaire de Sant\u00e9 pour Mineur<\/a><\/td><\/tr><tr><td class=\"has-text-align-center\" data-align=\"center\"><a href=\"https:\/\/www.ffpjp25.com\/wp-content\/uploads\/2022\/10\/Grille-Analyse-Partie.pdf\" data-type=\"URL\" data-id=\"https:\/\/www.ffpjp25.com\/wp-content\/uploads\/2022\/10\/Grille-Analyse-Partie.pdf\" target=\"_blank\" rel=\"noreferrer noopener\">Analyse des parties au CDF<\/a><\/td><td class=\"has-text-align-center\" data-align=\"center\"><a href=\"https:\/\/www.ffpjp25.com\/wp-content\/uploads\/2025\/11\/FORMULAIRE-demande-de-licence-2026.pdf\" target=\"_blank\" rel=\"noreferrer noopener\">Demande de licence 2026 au Club<\/a><\/td><td class=\"has-text-align-center\" data-align=\"center\"><a href=\"https:\/\/ffpjp.org\/portail\/images\/2021\/ATTESTATION_CM_2021.pdf\" data-type=\"URL\" data-id=\"https:\/\/ffpjp.org\/portail\/images\/2021\/ATTESTATION_CM_2021.pdf\" target=\"_blank\" rel=\"noreferrer noopener\">Attestation questionnaire m\u00e9dical<\/a><\/td><\/tr><tr><td class=\"has-text-align-center\" data-align=\"center\"><a href=\"https:\/\/www.ffpjp25.com\/wp-content\/uploads\/2022\/10\/RAPPORT_CDF_CD25-.pdf\" data-type=\"URL\" data-id=\"https:\/\/www.ffpjp25.com\/wp-content\/uploads\/2022\/10\/RAPPORT_CDF_CD25-.pdf\" target=\"_blank\" rel=\"noreferrer noopener\">Rapport CDF<\/a><\/td><td class=\"has-text-align-center\" data-align=\"center\"><a href=\"https:\/\/www.ffpjp25.com\/wp-content\/uploads\/2024\/01\/Fiche-jury-Concours.pdf\" target=\"_blank\" rel=\"noreferrer noopener\"><span style=\"text-decoration: underline;\"><strong>Feuilles du Jury <\/strong><\/span><br>Concours ou Chpts<\/a><br><a href=\"https:\/\/www.ffpjp25.com\/wp-content\/uploads\/2024\/01\/Fiche-jury-CDC.pdf\" data-type=\"link\" data-id=\"https:\/\/www.ffpjp25.com\/wp-content\/uploads\/2024\/01\/Fiche-jury-CDC.pdf\" target=\"_blank\" rel=\"noreferrer noopener\">CDC<\/a><br><a href=\"https:\/\/www.ffpjp25.com\/wp-content\/uploads\/2024\/01\/fiche-jury-coupe-de-france.pdf\" data-type=\"link\" data-id=\"https:\/\/www.ffpjp25.com\/wp-content\/uploads\/2024\/01\/fiche-jury-coupe-de-france.pdf\" target=\"_blank\" rel=\"noreferrer noopener\">Coupe de France<\/a><br><a href=\"https:\/\/www.ffpjp25.com\/wp-content\/uploads\/2024\/01\/Fiche-jury-CDC-BM-CJ.pdf\" target=\"_blank\" rel=\"noreferrer noopener\">CDC Jeunes<\/a><\/td><td class=\"has-text-align-center\" data-align=\"center\"><a rel=\"noreferrer noopener\" href=\"https:\/\/ffpjp.org\/portail\/images\/2021\/CM_2021.pdf\" data-type=\"URL\" data-id=\"https:\/\/ffpjp.org\/portail\/images\/2021\/CM_2021.pdf\" target=\"_blank\">Mod\u00e8le Certificat m\u00e9dical<\/a><\/td><\/tr><tr><td class=\"has-text-align-center\" data-align=\"center\"><a href=\"https:\/\/ffpjp.org\/portail\/assurances\" data-type=\"URL\" data-id=\"https:\/\/ffpjp.org\/portail\/assurances\" target=\"_blank\" rel=\"noreferrer noopener\">Portail Assurance MMA<\/a><\/td><td class=\"has-text-align-center\" data-align=\"center\"><a href=\"https:\/\/www.ffpjp25.com\/wp-content\/uploads\/2023\/10\/Courrier-ASSURANCE-2024.pdf\" data-type=\"URL\" data-id=\"https:\/\/www.ffpjp25.com\/wp-content\/uploads\/2022\/10\/Courrier-ASSURANCE-2023.pdf\" target=\"_blank\" rel=\"noreferrer noopener\">Courrier Assurance 2024<\/a><\/td><td class=\"has-text-align-center\" data-align=\"center\"><a href=\"https:\/\/www.ffpjp25.com\/wp-content\/uploads\/2024\/03\/Explication-inscriptions-Championnat.pdf\" data-type=\"link\" data-id=\"https:\/\/www.ffpjp25.com\/wp-content\/uploads\/2024\/03\/Explication-inscriptions-Championnat.pdf\" target=\"_blank\" rel=\"noreferrer noopener\">Notice inscriptions Championnats<\/a><\/td><\/tr><tr><td class=\"has-text-align-center\" data-align=\"center\">Les feuilles d&rsquo;inscriptions<br>aux diff\u00e9rents chpts, pour<br>affichage dans vos clubs, <br>vous ont \u00e9t\u00e9 envoy\u00e9es<br><a href=\"https:\/\/www.ffpjp25.com\/index.php\/feuilles-dinscription-championnat\/\" target=\"_blank\" rel=\"noreferrer noopener\"><strong>Cliquez ICI pour avoir la liste des feuilles<\/strong><\/a><\/td><td class=\"has-text-align-center\" data-align=\"center\"><a href=\"https:\/\/www.ffpjp25.com\/wp-content\/uploads\/2024\/06\/Regionaux-Calcul_Indemnites.xls\">Feuille de Calcul des indemnit\u00e9s concours r\u00e9gionaux<\/a><\/td><td class=\"has-text-align-center\" data-align=\"center\"><a href=\"https:\/\/www.ffpjp25.com\/wp-content\/uploads\/2024\/07\/Manuel-Licence-Etrangere.pdf\" target=\"_blank\" rel=\"noreferrer noopener\">Inscription Joueur \u00e9tranger dans Gestion Concours<\/a><\/td><\/tr><tr><td class=\"has-text-align-center\" data-align=\"center\"><\/td><td class=\"has-text-align-center\" data-align=\"center\"><\/td><td class=\"has-text-align-center\" data-align=\"center\"><\/td><\/tr><tr><td class=\"has-text-align-center\" data-align=\"center\"><\/td><td class=\"has-text-align-center\" data-align=\"center\"><\/td><td class=\"has-text-align-center\" data-align=\"center\"><\/td><\/tr><tr><td class=\"has-text-align-center\" data-align=\"center\"><a href=\"https:\/\/ffpjp-gestion-concours.com\/\" data-type=\"URL\" data-id=\"https:\/\/ffpjp-gestion-concours.com\/\">M.A.J Gestion Concours<\/a><\/td><td class=\"has-text-align-center\" data-align=\"center\"><a href=\"https:\/\/ffpjp.org\/portail\/reglements-textes\/reglements-textes-officiels\" data-type=\"URL\" data-id=\"https:\/\/ffpjp.org\/portail\/reglements-textes\/reglements-textes-officiels\" target=\"_blank\" rel=\"noreferrer noopener\">R\u00e8glements &amp; Textes officiels FFPJP<\/a><\/td><td class=\"has-text-align-center\" data-align=\"center\"><strong>LICENCES DEMAT\u00c9RIALIS\u00c9ES<\/strong><\/td><\/tr><tr><td class=\"has-text-align-center\" data-align=\"center\"><a href=\"https:\/\/www.ffpjp25.com\/wp-content\/uploads\/2025\/12\/coupon-de-remplacements.pdf\">Coupon de remplacement Joueur<\/a><\/td><td class=\"has-text-align-center\" data-align=\"center\"><a href=\"https:\/\/www.ffpjp25.com\/Chpts2025CD25\/Tir\/Note%20Qualifs%20TIr%20de%20pr\u00e9cision%20junior%202025.pdf\" target=\"_blank\" rel=\"noreferrer noopener\">Note Tir de pr\u00e9cision Jeunes 2025<\/a><\/td><td class=\"has-text-align-center\" data-align=\"center\"><a href=\"https:\/\/youtu.be\/4teM7a3kG2I\" target=\"_blank\" rel=\"noreferrer noopener\">Tutoriel Vid\u00e9o : Comment activer votre compte Licenci\u00e9 ?<\/a><\/td><\/tr><tr><td class=\"has-text-align-center\" data-align=\"center\"><a href=\"https:\/\/ffpjp.org\/portail\/reglements-textes\/utilitaires-divers\" data-type=\"URL\" data-id=\"https:\/\/ffpjp.org\/portail\/reglements-textes\/utilitaires-divers\" target=\"_blank\" rel=\"noreferrer noopener\">Utilitaires &amp; documents divers FFPJP<\/a><\/td><td class=\"has-text-align-center\" data-align=\"center\"><a href=\"https:\/\/www.ffpjp25.com\/wp-content\/uploads\/2025\/05\/Participation-du-CD25-aux-Chpts-BFC.pdf\" target=\"_blank\" rel=\"noreferrer noopener\">Participation du CD25 aux Chpts BFC<\/a><\/td><td class=\"has-text-align-center\" data-align=\"center\"><a href=\"https:\/\/home.ffpjp.org\/images\/pdf\/FFPJP%20-%20Licence%20-%20Public.pdf\" target=\"_blank\" rel=\"noreferrer noopener\">Tuto Compte Licenci\u00e9<\/a>  &#8211;  <a href=\"https:\/\/home.ffpjp.org\/images\/pdf\/FFPJP%20-%20Licence%20-%20Club.pdf\" target=\"_blank\" rel=\"noreferrer noopener\">Tuto compte Club<\/a><\/td><\/tr><\/tbody><\/table><\/figure>\n\n\n\n<figure class=\"wp-block-image aligncenter size-large\"><img loading=\"lazy\" decoding=\"async\" width=\"1024\" height=\"514\" src=\"https:\/\/www.ffpjp25.com\/wp-content\/uploads\/2025\/12\/image-3-1024x514.png\" alt=\"\" class=\"wp-image-13378\" srcset=\"https:\/\/www.ffpjp25.com\/wp-content\/uploads\/2025\/12\/image-3-1024x514.png 1024w, https:\/\/www.ffpjp25.com\/wp-content\/uploads\/2025\/12\/image-3-300x151.png 300w, https:\/\/www.ffpjp25.com\/wp-content\/uploads\/2025\/12\/image-3-768x386.png 768w, https:\/\/www.ffpjp25.com\/wp-content\/uploads\/2025\/12\/image-3-1536x772.png 1536w, https:\/\/www.ffpjp25.com\/wp-content\/uploads\/2025\/12\/image-3-1320x663.png 1320w, https:\/\/www.ffpjp25.com\/wp-content\/uploads\/2025\/12\/image-3.png 1692w\" sizes=\"auto, (max-width: 1024px) 100vw, 1024px\" \/><\/figure>\n\n\n\n<div data-wp-interactive=\"core\/file\" class=\"wp-block-file\"><object data-wp-bind--hidden=\"!state.hasPdfPreview\" hidden class=\"wp-block-file__embed\" data=\"https:\/\/www.ffpjp25.com\/wp-content\/uploads\/2024\/11\/Bilan-classification-2024.pdf\" type=\"application\/pdf\" style=\"width:100%;height:600px\" aria-label=\"Contenu embarqu\u00e9 Bilan classification 2024.\"><\/object><a id=\"wp-block-file--media-20c1d094-fbd0-44e7-89fb-415780953aad\" href=\"https:\/\/www.ffpjp25.com\/wp-content\/uploads\/2024\/11\/Bilan-classification-2024.pdf\">Bilan classification 2024<\/a><a href=\"https:\/\/www.ffpjp25.com\/wp-content\/uploads\/2024\/11\/Bilan-classification-2024.pdf\" class=\"wp-block-file__button wp-element-button\" download aria-describedby=\"wp-block-file--media-20c1d094-fbd0-44e7-89fb-415780953aad\">T\u00e9l\u00e9charger<\/a><\/div>\n\n\n\n<div data-wp-interactive=\"core\/file\" class=\"wp-block-file\"><object data-wp-bind--hidden=\"!state.hasPdfPreview\" hidden class=\"wp-block-file__embed\" data=\"https:\/\/www.ffpjp25.com\/wp-content\/uploads\/2025\/11\/Classification-2025-pour-2026.pdf\" type=\"application\/pdf\" style=\"width:100%;height:600px\" aria-label=\"Contenu embarqu\u00e9 Classification 2025 pour 2026.\"><\/object><a id=\"wp-block-file--media-c03fdfa0-1335-44f2-b5ba-5a08ca4c494f\" href=\"https:\/\/www.ffpjp25.com\/wp-content\/uploads\/2025\/11\/Classification-2025-pour-2026.pdf\">Classification 2025 pour 2026<\/a><a href=\"https:\/\/www.ffpjp25.com\/wp-content\/uploads\/2025\/11\/Classification-2025-pour-2026.pdf\" class=\"wp-block-file__button wp-element-button\" download aria-describedby=\"wp-block-file--media-c03fdfa0-1335-44f2-b5ba-5a08ca4c494f\">T\u00e9l\u00e9charger<\/a><\/div>\n\n\n\n<div data-wp-interactive=\"core\/file\" class=\"wp-block-file\"><object data-wp-bind--hidden=\"!state.hasPdfPreview\" hidden class=\"wp-block-file__embed\" data=\"https:\/\/www.ffpjp25.com\/wp-content\/uploads\/2022\/12\/grilles-2023.pdf\" type=\"application\/pdf\" style=\"width:100%;height:600px\" aria-label=\"Contenu embarqu\u00e9 grilles-2023.\"><\/object><a id=\"wp-block-file--media-1c058616-2298-4a4e-90df-1493d95cd303\" href=\"https:\/\/www.ffpjp25.com\/wp-content\/uploads\/2022\/12\/grilles-2023.pdf\">grilles-2023<\/a><a href=\"https:\/\/www.ffpjp25.com\/wp-content\/uploads\/2022\/12\/grilles-2023.pdf\" class=\"wp-block-file__button wp-element-button\" download aria-describedby=\"wp-block-file--media-1c058616-2298-4a4e-90df-1493d95cd303\">T\u00e9l\u00e9charger<\/a><\/div>\n","protected":false},"excerpt":{"rendered":"<p>Note FFPJP Mutations Demande de licence au Comit\u00e9 Questionnaire de Sant\u00e9 pour Majeur Formulaire de Mutation 2026 Demande d&rsquo;Affiliation 2026 [&hellip;]<\/p>\n","protected":false},"author":1,"featured_media":0,"parent":0,"menu_order":0,"comment_status":"closed","ping_status":"closed","template":"","meta":{"site-sidebar-layout":"default","site-content-layout":"","ast-site-content-layout":"default","site-content-style":"default","site-sidebar-style":"default","ast-global-header-display":"","ast-banner-title-visibility":"","ast-main-header-display":"","ast-hfb-above-header-display":"","ast-hfb-below-header-display":"","ast-hfb-mobile-header-display":"","site-post-title":"","ast-breadcrumbs-content":"","ast-featured-img":"","footer-sml-layout":"","ast-disable-related-posts":"","theme-transparent-header-meta":"","adv-header-id-meta":"","stick-header-meta":"","header-above-stick-meta":"","header-main-stick-meta":"","header-below-stick-meta":"","astra-migrate-meta-layouts":"default","ast-page-background-enabled":"default","ast-page-background-meta":{"desktop":{"background-color":"var(--ast-global-color-4)","background-image":"","background-repeat":"repeat","background-position":"center center","background-size":"auto","background-attachment":"scroll","background-type":"","background-media":"","overlay-type":"","overlay-color":"","overlay-opacity":"","overlay-gradient":""},"tablet":{"background-color":"","background-image":"","background-repeat":"repeat","background-position":"center center","background-size":"auto","background-attachment":"scroll","background-type":"","background-media":"","overlay-type":"","overlay-color":"","overlay-opacity":"","overlay-gradient":""},"mobile":{"background-color":"","background-image":"","background-repeat":"repeat","background-position":"center center","background-size":"auto","background-attachment":"scroll","background-type":"","background-media":"","overlay-type":"","overlay-color":"","overlay-opacity":"","overlay-gradient":""}},"ast-content-background-meta":{"desktop":{"background-color":"var(--ast-global-color-5)","background-image":"","background-repeat":"repeat","background-position":"center center","background-size":"auto","background-attachment":"scroll","background-type":"","background-media":"","overlay-type":"","overlay-color":"","overlay-opacity":"","overlay-gradient":""},"tablet":{"background-color":"var(--ast-global-color-5)","background-image":"","background-repeat":"repeat","background-position":"center center","background-size":"auto","background-attachment":"scroll","background-type":"","background-media":"","overlay-type":"","overlay-color":"","overlay-opacity":"","overlay-gradient":""},"mobile":{"background-color":"var(--ast-global-color-5)","background-image":"","background-repeat":"repeat","background-position":"center center","background-size":"auto","background-attachment":"scroll","background-type":"","background-media":"","overlay-type":"","overlay-color":"","overlay-opacity":"","overlay-gradient":""}},"footnotes":""},"class_list":["post-826","page","type-page","status-publish","hentry"],"jetpack_sharing_enabled":true,"_links":{"self":[{"href":"https:\/\/www.ffpjp25.com\/index.php\/wp-json\/wp\/v2\/pages\/826","targetHints":{"allow":["GET"]}}],"collection":[{"href":"https:\/\/www.ffpjp25.com\/index.php\/wp-json\/wp\/v2\/pages"}],"about":[{"href":"https:\/\/www.ffpjp25.com\/index.php\/wp-json\/wp\/v2\/types\/page"}],"author":[{"embeddable":true,"href":"https:\/\/www.ffpjp25.com\/index.php\/wp-json\/wp\/v2\/users\/1"}],"replies":[{"embeddable":true,"href":"https:\/\/www.ffpjp25.com\/index.php\/wp-json\/wp\/v2\/comments?post=826"}],"version-history":[{"count":76,"href":"https:\/\/www.ffpjp25.com\/index.php\/wp-json\/wp\/v2\/pages\/826\/revisions"}],"predecessor-version":[{"id":13379,"href":"https:\/\/www.ffpjp25.com\/index.php\/wp-json\/wp\/v2\/pages\/826\/revisions\/13379"}],"wp:attachment":[{"href":"https:\/\/www.ffpjp25.com\/index.php\/wp-json\/wp\/v2\/media?parent=826"}],"curies":[{"name":"wp","href":"https:\/\/api.w.org\/{rel}","templated":true}]}}