{"id":820,"date":"2022-09-27T07:39:07","date_gmt":"2022-09-27T07:39:07","guid":{"rendered":"https:\/\/www.ffpjp25.com\/?page_id=820"},"modified":"2026-03-25T10:39:09","modified_gmt":"2026-03-25T09:39:09","slug":"calendrier","status":"publish","type":"page","link":"https:\/\/www.ffpjp25.com\/index.php\/calendrier\/","title":{"rendered":"Calendrier"},"content":{"rendered":"\n<div class=\"wp-block-columns is-layout-flex wp-container-core-columns-is-layout-28f84493 wp-block-columns-is-layout-flex\">\n<div class=\"wp-block-column is-layout-flow wp-block-column-is-layout-flow\" style=\"flex-basis:50%\">\n<figure class=\"wp-block-image alignright size-full\"><a href=\"https:\/\/www.ffpjp25.com\/wp-content\/uploads\/2025\/12\/Dates-Concours-21-25-39-70-71-veterans.pdf\" target=\"_blank\" rel=\" noreferrer noopener\"><img loading=\"lazy\" decoding=\"async\" width=\"156\" height=\"148\" src=\"https:\/\/www.ffpjp25.com\/wp-content\/uploads\/2025\/12\/image-1.png\" alt=\"\" class=\"wp-image-13257\"\/><\/a><\/figure>\n<\/div>\n\n\n\n<div class=\"wp-block-column is-layout-flow wp-block-column-is-layout-flow\" style=\"flex-basis:70%\">\n<p class=\"has-text-align-left\">&lt;&#8212;&#8212;&#8212;&#8212;-         <strong>Concours v\u00e9t\u00e9rans dans les d\u00e9partements suivants : <\/strong><\/p>\n\n\n\n<p class=\"has-text-align-center has-black-color has-text-color has-link-color wp-elements-6a3f8dae5986aeb574553b5d83f6a11a\"><strong>21-25-39-70-71<\/strong><\/p>\n\n\n\n<p class=\"has-text-align-center has-vivid-red-color has-text-color has-link-color wp-elements-0f279dbb5928a1f70b7cec87fc01254f\">Attention pour le CD70 ces concours sont r\u00e9serv\u00e9s au CD70<\/p>\n<\/div>\n<\/div>\n\n\n\n<p class=\"has-text-align-center has-black-color has-vivid-cyan-blue-background-color has-text-color has-background has-link-color has-large-font-size wp-elements-b6944b63fbcd37584734825daaa06ccd\"><strong>Calendrier 2026 <\/strong><\/p>\n\n\n\n<div data-wp-interactive=\"core\/file\" class=\"wp-block-file\"><object data-wp-bind--hidden=\"!state.hasPdfPreview\" hidden class=\"wp-block-file__embed\" data=\"https:\/\/www.ffpjp25.com\/wp-content\/uploads\/2026\/03\/Calendrier_Concours_2026.pdf\" type=\"application\/pdf\" style=\"width:100%;height:600px\" aria-label=\"Contenu embarqu\u00e9 Calendrier_Concours_2026.\"><\/object><a id=\"wp-block-file--media-6f68eab4-6a0a-4d20-ab3f-6903a0d0f4d1\" href=\"https:\/\/www.ffpjp25.com\/wp-content\/uploads\/2026\/03\/Calendrier_Concours_2026.pdf\">Calendrier_Concours_2026<\/a><a href=\"https:\/\/www.ffpjp25.com\/wp-content\/uploads\/2026\/03\/Calendrier_Concours_2026.pdf\" class=\"wp-block-file__button wp-element-button\" download aria-describedby=\"wp-block-file--media-6f68eab4-6a0a-4d20-ab3f-6903a0d0f4d1\">T\u00e9l\u00e9charger<\/a><\/div>\n\n\n\n<div class=\"wp-block-columns is-layout-flex wp-container-core-columns-is-layout-28f84493 wp-block-columns-is-layout-flex\">\n<div class=\"wp-block-column is-layout-flow wp-block-column-is-layout-flow\" style=\"flex-basis:25%\">\n<figure class=\"wp-block-image is-resized\"><a href=\"https:\/\/docs.google.com\/spreadsheets\/d\/e\/2PACX-1vSYFEQBAFJqvQ3VXWhk5ELqH2oc7mTsw8-KQapq_UWIArhrXZbw6zqereU0rXdc-alTUo-zxvaodHFC\/pubhtml?gid=1340844872&amp;single=true\" target=\"_blank\" rel=\" noreferrer noopener\"><img decoding=\"async\" src=\"https:\/\/www.ffpjpcd70.com\/wp-content\/uploads\/2024\/01\/calendrier-logo.png\" alt=\"\" style=\"width:155px;height:auto\"\/><\/a><\/figure>\n<\/div>\n<\/div>\n\n\n\n<p class=\"has-text-align-center has-black-color has-light-green-cyan-background-color has-text-color has-background has-link-color has-large-font-size wp-elements-d8e8efb3311d4c06e6cae338fe512d8a\"><strong>Calendrier 2025<\/strong><\/p>\n\n\n\n<div data-wp-interactive=\"core\/file\" class=\"wp-block-file alignwide\"><object data-wp-bind--hidden=\"!state.hasPdfPreview\" hidden class=\"wp-block-file__embed\" data=\"https:\/\/www.ffpjp25.com\/wp-content\/uploads\/2025\/10\/Calendrier_Doubs_2025.pdf\" type=\"application\/pdf\" style=\"width:100%;height:600px\" aria-label=\"Contenu embarqu\u00e9 Calendrier_Doubs_2025.\"><\/object><a id=\"wp-block-file--media-0e4ee222-4d2b-4b3b-a277-608ac6cac21e\" href=\"https:\/\/www.ffpjp25.com\/wp-content\/uploads\/2025\/10\/Calendrier_Doubs_2025.pdf\">Calendrier_Doubs_2025<\/a><a href=\"https:\/\/www.ffpjp25.com\/wp-content\/uploads\/2025\/10\/Calendrier_Doubs_2025.pdf\" class=\"wp-block-file__button wp-element-button\" download aria-describedby=\"wp-block-file--media-0e4ee222-4d2b-4b3b-a277-608ac6cac21e\">T\u00e9l\u00e9charger<\/a><\/div>\n\n\n\n<h2 class=\"wp-block-heading has-black-color has-white-background-color has-text-color has-background has-link-color wp-elements-3426cc514adc6e4afe3f0762d22798bc\">Calendrier 2025 des Chpts &#8211; CDC &#8211; CRC &#8211; CDF &#8211; Coupe de France<\/h2>\n\n\n\n<div data-wp-interactive=\"core\/file\" class=\"wp-block-file\"><object data-wp-bind--hidden=\"!state.hasPdfPreview\" hidden class=\"wp-block-file__embed\" data=\"https:\/\/www.ffpjp25.com\/wp-content\/uploads\/2024\/11\/Calendrier_Doubs_2025_VChpts-CDC-CRC-CDF.pdf\" type=\"application\/pdf\" style=\"width:100%;height:600px\" aria-label=\"Contenu embarqu\u00e9 Calendrier_Doubs_2025_VChpts-CDC-CRC-CDF.\"><\/object><a id=\"wp-block-file--media-484fa44c-5325-4af8-a482-7179736b73e8\" href=\"https:\/\/www.ffpjp25.com\/wp-content\/uploads\/2024\/11\/Calendrier_Doubs_2025_VChpts-CDC-CRC-CDF.pdf\">Calendrier_Doubs_2025_VChpts-CDC-CRC-CDF<\/a><a href=\"https:\/\/www.ffpjp25.com\/wp-content\/uploads\/2024\/11\/Calendrier_Doubs_2025_VChpts-CDC-CRC-CDF.pdf\" class=\"wp-block-file__button wp-element-button\" download aria-describedby=\"wp-block-file--media-484fa44c-5325-4af8-a482-7179736b73e8\">T\u00e9l\u00e9charger<\/a><\/div>\n","protected":false},"excerpt":{"rendered":"<p>&lt;&#8212;&#8212;&#8212;&#8212;- Concours v\u00e9t\u00e9rans dans les d\u00e9partements suivants : 21-25-39-70-71 Attention pour le CD70 ces concours sont r\u00e9serv\u00e9s au CD70 Calendrier [&hellip;]<\/p>\n","protected":false},"author":1,"featured_media":0,"parent":0,"menu_order":0,"comment_status":"closed","ping_status":"closed","template":"","meta":{"site-sidebar-layout":"default","site-content-layout":"","ast-site-content-layout":"default","site-content-style":"default","site-sidebar-style":"default","ast-global-header-display":"","ast-banner-title-visibility":"","ast-main-header-display":"","ast-hfb-above-header-display":"","ast-hfb-below-header-display":"","ast-hfb-mobile-header-display":"","site-post-title":"","ast-breadcrumbs-content":"","ast-featured-img":"","footer-sml-layout":"","ast-disable-related-posts":"","theme-transparent-header-meta":"","adv-header-id-meta":"","stick-header-meta":"","header-above-stick-meta":"","header-main-stick-meta":"","header-below-stick-meta":"","astra-migrate-meta-layouts":"default","ast-page-background-enabled":"default","ast-page-background-meta":{"desktop":{"background-color":"var(--ast-global-color-4)","background-image":"","background-repeat":"repeat","background-position":"center center","background-size":"auto","background-attachment":"scroll","background-type":"","background-media":"","overlay-type":"","overlay-color":"","overlay-opacity":"","overlay-gradient":""},"tablet":{"background-color":"","background-image":"","background-repeat":"repeat","background-position":"center center","background-size":"auto","background-attachment":"scroll","background-type":"","background-media":"","overlay-type":"","overlay-color":"","overlay-opacity":"","overlay-gradient":""},"mobile":{"background-color":"","background-image":"","background-repeat":"repeat","background-position":"center center","background-size":"auto","background-attachment":"scroll","background-type":"","background-media":"","overlay-type":"","overlay-color":"","overlay-opacity":"","overlay-gradient":""}},"ast-content-background-meta":{"desktop":{"background-color":"var(--ast-global-color-5)","background-image":"","background-repeat":"repeat","background-position":"center center","background-size":"auto","background-attachment":"scroll","background-type":"","background-media":"","overlay-type":"","overlay-color":"","overlay-opacity":"","overlay-gradient":""},"tablet":{"background-color":"var(--ast-global-color-5)","background-image":"","background-repeat":"repeat","background-position":"center center","background-size":"auto","background-attachment":"scroll","background-type":"","background-media":"","overlay-type":"","overlay-color":"","overlay-opacity":"","overlay-gradient":""},"mobile":{"background-color":"var(--ast-global-color-5)","background-image":"","background-repeat":"repeat","background-position":"center center","background-size":"auto","background-attachment":"scroll","background-type":"","background-media":"","overlay-type":"","overlay-color":"","overlay-opacity":"","overlay-gradient":""}},"footnotes":""},"class_list":["post-820","page","type-page","status-publish","hentry"],"jetpack_sharing_enabled":true,"_links":{"self":[{"href":"https:\/\/www.ffpjp25.com\/index.php\/wp-json\/wp\/v2\/pages\/820","targetHints":{"allow":["GET"]}}],"collection":[{"href":"https:\/\/www.ffpjp25.com\/index.php\/wp-json\/wp\/v2\/pages"}],"about":[{"href":"https:\/\/www.ffpjp25.com\/index.php\/wp-json\/wp\/v2\/types\/page"}],"author":[{"embeddable":true,"href":"https:\/\/www.ffpjp25.com\/index.php\/wp-json\/wp\/v2\/users\/1"}],"replies":[{"embeddable":true,"href":"https:\/\/www.ffpjp25.com\/index.php\/wp-json\/wp\/v2\/comments?post=820"}],"version-history":[{"count":62,"href":"https:\/\/www.ffpjp25.com\/index.php\/wp-json\/wp\/v2\/pages\/820\/revisions"}],"predecessor-version":[{"id":13863,"href":"https:\/\/www.ffpjp25.com\/index.php\/wp-json\/wp\/v2\/pages\/820\/revisions\/13863"}],"wp:attachment":[{"href":"https:\/\/www.ffpjp25.com\/index.php\/wp-json\/wp\/v2\/media?parent=820"}],"curies":[{"name":"wp","href":"https:\/\/api.w.org\/{rel}","templated":true}]}}