{"id":3107,"date":"2023-04-15T13:51:05","date_gmt":"2023-04-15T11:51:05","guid":{"rendered":"https:\/\/www.ffpjp25.com\/?page_id=3107"},"modified":"2026-02-20T09:32:25","modified_gmt":"2026-02-20T08:32:25","slug":"jeu-provencal","status":"publish","type":"page","link":"https:\/\/www.ffpjp25.com\/index.php\/jeu-provencal\/","title":{"rendered":"Jeu Proven\u00e7al"},"content":{"rendered":"\n<p class=\"has-large-font-size\"><strong>2026<\/strong><\/p>\n\n\n\n<p class=\"has-medium-font-size\">Nouvelle : <a href=\"https:\/\/www.ffpjp.org\/portail\/images\/reglements-textes\/2026\/Nouvelle%20feuille%20de%20match%20CDF%20JP%202026.pdf\">Feuille de match 2026<\/a><\/p>\n\n\n\n<div class=\"wp-block-media-text is-stacked-on-mobile has-border-color has-black-border-color\"><figure class=\"wp-block-media-text__media\"><img loading=\"lazy\" decoding=\"async\" width=\"666\" height=\"500\" src=\"https:\/\/www.ffpjp25.com\/wp-content\/uploads\/2026\/02\/PFC-fianl-provencal.jpg\" alt=\"\" class=\"wp-image-13653 size-full\" srcset=\"https:\/\/www.ffpjp25.com\/wp-content\/uploads\/2026\/02\/PFC-fianl-provencal.jpg 666w, https:\/\/www.ffpjp25.com\/wp-content\/uploads\/2026\/02\/PFC-fianl-provencal-300x225.jpg 300w\" sizes=\"auto, (max-width: 666px) 100vw, 666px\" \/><\/figure><div class=\"wp-block-media-text__content\">\n<p class=\"has-text-align-center has-black-color has-text-color has-link-color has-large-font-size wp-elements-eddfd8fe149df19a4f67a73e54f51b54\">Les 14-15 f\u00e9vrier 2026 se sont d\u00e9roul\u00e9s les tours de coupe de France JP niveau d\u00e9partemental<br>La PFC, vainqueur contre le Russey<\/p>\n<\/div><\/div>\n\n\n\n<div data-wp-interactive=\"core\/file\" class=\"wp-block-file\"><object data-wp-bind--hidden=\"!state.hasPdfPreview\" hidden class=\"wp-block-file__embed\" data=\"https:\/\/www.ffpjp25.com\/wp-content\/uploads\/2026\/02\/CDF-provencal-2026-1.pdf\" type=\"application\/pdf\" style=\"width:100%;height:600px\" aria-label=\"Contenu embarqu\u00e9 CDF provencal 2026.\"><\/object><a id=\"wp-block-file--media-8aff9479-7e5c-4ac4-bec1-af6e9a8f046d\" href=\"https:\/\/www.ffpjp25.com\/wp-content\/uploads\/2026\/02\/CDF-provencal-2026-1.pdf\">CDF provencal 2026<\/a><a href=\"https:\/\/www.ffpjp25.com\/wp-content\/uploads\/2026\/02\/CDF-provencal-2026-1.pdf\" class=\"wp-block-file__button wp-element-button\" download aria-describedby=\"wp-block-file--media-8aff9479-7e5c-4ac4-bec1-af6e9a8f046d\">T\u00e9l\u00e9charger<\/a><\/div>\n\n\n\n<h2 class=\"wp-block-heading has-large-font-size\">2025<\/h2>\n\n\n\n<h2 class=\"wp-block-heading\"><a href=\"https:\/\/www.championnats-ffpjp.com\/images\/2025\/CDF%20JP\/CDF%20%20JP%202025.pdf\" target=\"_blank\" rel=\"noreferrer noopener\">R\u00e9sultats Cadrage &#8211; 1\/16 &#8211; 1\/8<\/a><\/h2>\n\n\n\n<p class=\"has-text-align-center has-black-color has-text-color has-background has-link-color has-large-font-size wp-elements-8b7378e1ae33189c5c49b8d5ab9bf58d\" style=\"background:linear-gradient(135deg,rgb(7,17,227) 0%,rgb(250,247,247) 37%,rgb(255,255,255) 65%,rgb(250,4,28) 100%)\"><strong>Tirage des 16\u1d49 de finale coupe de France JP &#8211; 2025<\/strong><\/p>\n\n\n\n<figure class=\"wp-block-image alignwide size-large\"><img loading=\"lazy\" decoding=\"async\" width=\"1024\" height=\"397\" src=\"https:\/\/www.ffpjp25.com\/wp-content\/uploads\/2025\/09\/tirage_16eme_coupe_de_france_JP-1024x397.jpg\" alt=\"\" class=\"wp-image-12785\" srcset=\"https:\/\/www.ffpjp25.com\/wp-content\/uploads\/2025\/09\/tirage_16eme_coupe_de_france_JP-1024x397.jpg 1024w, https:\/\/www.ffpjp25.com\/wp-content\/uploads\/2025\/09\/tirage_16eme_coupe_de_france_JP-300x116.jpg 300w, https:\/\/www.ffpjp25.com\/wp-content\/uploads\/2025\/09\/tirage_16eme_coupe_de_france_JP-768x297.jpg 768w, https:\/\/www.ffpjp25.com\/wp-content\/uploads\/2025\/09\/tirage_16eme_coupe_de_france_JP.jpg 1291w\" sizes=\"auto, (max-width: 1024px) 100vw, 1024px\" \/><\/figure>\n\n\n\n<figure class=\"wp-block-image aligncenter size-full\"><img loading=\"lazy\" decoding=\"async\" width=\"643\" height=\"901\" src=\"https:\/\/www.ffpjp25.com\/wp-content\/uploads\/2025\/09\/image-11.png\" alt=\"\" class=\"wp-image-12722\" srcset=\"https:\/\/www.ffpjp25.com\/wp-content\/uploads\/2025\/09\/image-11.png 643w, https:\/\/www.ffpjp25.com\/wp-content\/uploads\/2025\/09\/image-11-214x300.png 214w\" sizes=\"auto, (max-width: 643px) 100vw, 643px\" \/><\/figure>\n\n\n\n<p class=\"has-text-align-center has-black-color has-text-color has-background has-link-color has-large-font-size wp-elements-752b001d8fbf6fd30941c4d0b989e458\" style=\"background:linear-gradient(135deg,rgb(7,17,227) 0%,rgb(250,247,247) 37%,rgb(255,255,255) 65%,rgb(250,4,28) 100%)\"><strong>R\u00e9sultat final de la coupe de France JP CD25 &#8211; 2025<\/strong><\/p>\n\n\n\n<div data-wp-interactive=\"core\/file\" class=\"wp-block-file\"><object data-wp-bind--hidden=\"!state.hasPdfPreview\" hidden class=\"wp-block-file__embed\" data=\"https:\/\/www.ffpjp25.com\/wp-content\/uploads\/2025\/02\/Cpe-de-France-Jeu-Provencal-2025-1.pdf\" type=\"application\/pdf\" style=\"width:100%;height:600px\" aria-label=\"Contenu embarqu\u00e9 Cpe de France Jeu Proven\u00e7al 2025.\"><\/object><a id=\"wp-block-file--media-6f3a6d88-d3c5-4e54-b674-8679e4d704a4\" href=\"https:\/\/www.ffpjp25.com\/wp-content\/uploads\/2025\/02\/Cpe-de-France-Jeu-Provencal-2025-1.pdf\">Cpe de France Jeu Proven\u00e7al 2025<\/a><a href=\"https:\/\/www.ffpjp25.com\/wp-content\/uploads\/2025\/02\/Cpe-de-France-Jeu-Provencal-2025-1.pdf\" class=\"wp-block-file__button wp-element-button\" download aria-describedby=\"wp-block-file--media-6f3a6d88-d3c5-4e54-b674-8679e4d704a4\">T\u00e9l\u00e9charger<\/a><\/div>\n\n\n\n<h2 class=\"wp-block-heading has-large-font-size\">2024<\/h2>\n\n\n\n<p class=\"has-large-font-size\"><a href=\"https:\/\/www.championnats-ffpjp.com\/images\/Fichier_Coupe_de_France\/Finale_CDF_JP_2023\/2024_Finale_CDF_JP.pdf\" target=\"_blank\" rel=\"noreferrer noopener\">R\u00e9sultats finaux 1\/4 &#8211; 1\/2 et Finale<\/a><br><a href=\"https:\/\/www.championnats-ffpjp.com\/images\/Fichier_Coupe_de_France\/CDF_JP_2024\/2024_CDF_JP_16-8.pdf\" target=\"_blank\" rel=\"noreferrer noopener\">R\u00e9sultats des 1\/16 \u00e8me et 1\/8 de final<\/a><\/p>\n\n\n\n<p class=\"has-large-font-size\"><a href=\"https:\/\/www.championnats-ffpjp.com\/images\/2024\/Coupe%20France%20Provencal\/Resultats%202eme%20tour%20Coupe%20de%20France%20Jeu%20Provencal%202024.pdf\" target=\"_blank\" rel=\"noreferrer noopener\">R\u00e9sultats du 2\u00e8me tour de zone<\/a><\/p>\n\n\n\n<p class=\"has-black-color has-white-background-color has-text-color has-background has-link-color has-large-font-size wp-elements-8b3bc7cbf64bc8f54fb6e7a8f1b90858\"><strong>1er tour de Zone<\/strong> &#8211; <a href=\"http:\/\/chrome-extension:\/\/efaidnbmnnnibpcajpcglclefindmkaj\/https:\/\/www.championnats-ffpjp.com\/images\/2024\/Coupe%20France%20Provencal\/Coupe%20de%20France%20Jeu%20Provencal%202024%20resultats%201er%20tour.pdf\" target=\"_blank\" rel=\"noreferrer noopener\"><strong>R\u00e9sultats complet<\/strong><\/a><\/p>\n\n\n\n<p class=\"has-black-color has-text-color has-link-color wp-elements-1c24941f84aee0754eff58bbcdb8e293\"><strong>Le 30\/06\/2024: L&rsquo;\u00e9quipe du Russey a gagn\u00e9 le 1er tour r\u00e9gional de la Coupe de France jeu proven\u00e7al contre OBERHOFFEN.<\/strong><\/p>\n\n\n\n<figure class=\"wp-block-image size-full\"><img loading=\"lazy\" decoding=\"async\" width=\"881\" height=\"500\" src=\"https:\/\/www.ffpjp25.com\/wp-content\/uploads\/2024\/07\/Russey-Oberhoffen.jpg\" alt=\"\" class=\"wp-image-7238\" srcset=\"https:\/\/www.ffpjp25.com\/wp-content\/uploads\/2024\/07\/Russey-Oberhoffen.jpg 881w, https:\/\/www.ffpjp25.com\/wp-content\/uploads\/2024\/07\/Russey-Oberhoffen-300x170.jpg 300w, https:\/\/www.ffpjp25.com\/wp-content\/uploads\/2024\/07\/Russey-Oberhoffen-768x436.jpg 768w\" sizes=\"auto, (max-width: 881px) 100vw, 881px\" \/><\/figure>\n\n\n\n<div data-wp-interactive=\"core\/file\" class=\"wp-block-file\"><object data-wp-bind--hidden=\"!state.hasPdfPreview\" hidden class=\"wp-block-file__embed\" data=\"https:\/\/www.ffpjp25.com\/wp-content\/uploads\/2024\/05\/Coupe-de-France-2024-JP-1er-tour.pdf\" type=\"application\/pdf\" style=\"width:100%;height:600px\" aria-label=\"Contenu embarqu\u00e9 Coupe-de-France-2024-JP-1er-tour.\"><\/object><a id=\"wp-block-file--media-a685d4cf-8a03-4d7f-ba56-3244a8cadbdd\" href=\"https:\/\/www.ffpjp25.com\/wp-content\/uploads\/2024\/05\/Coupe-de-France-2024-JP-1er-tour.pdf\">Coupe-de-France-2024-JP-1er-tour<\/a><a href=\"https:\/\/www.ffpjp25.com\/wp-content\/uploads\/2024\/05\/Coupe-de-France-2024-JP-1er-tour.pdf\" class=\"wp-block-file__button wp-element-button\" download aria-describedby=\"wp-block-file--media-a685d4cf-8a03-4d7f-ba56-3244a8cadbdd\">T\u00e9l\u00e9charger<\/a><\/div>\n\n\n\n<p class=\"has-black-color has-text-color has-link-color wp-elements-c1899d070e40f6a339a95edd5706d1ed\"><strong>&#8211; <span style=\"text-decoration: underline;\">Tour coupe de France JP<\/span><\/strong><\/p>\n\n\n\n<div data-wp-interactive=\"core\/file\" class=\"wp-block-file\"><object data-wp-bind--hidden=\"!state.hasPdfPreview\" hidden class=\"wp-block-file__embed\" data=\"https:\/\/www.ffpjp25.com\/wp-content\/uploads\/2024\/03\/Cpe-de-France-Jeu-Provencal.pdf\" type=\"application\/pdf\" style=\"width:100%;height:600px\" aria-label=\"Contenu embarqu\u00e9 Cpe-de-France-Jeu-Provencal.\"><\/object><a id=\"wp-block-file--media-7711a914-2552-4ee6-bb6d-0cabc2d409df\" href=\"https:\/\/www.ffpjp25.com\/wp-content\/uploads\/2024\/03\/Cpe-de-France-Jeu-Provencal.pdf\">Cpe-de-France-Jeu-Provencal<\/a><a href=\"https:\/\/www.ffpjp25.com\/wp-content\/uploads\/2024\/03\/Cpe-de-France-Jeu-Provencal.pdf\" class=\"wp-block-file__button wp-element-button\" download aria-describedby=\"wp-block-file--media-7711a914-2552-4ee6-bb6d-0cabc2d409df\">T\u00e9l\u00e9charger<\/a><\/div>\n\n\n\n<h2 class=\"wp-block-heading has-large-font-size\">2023<\/h2>\n\n\n\n<h2 class=\"wp-block-heading\">Derni\u00e8re rencontre date butoire le 12 Mai<\/h2>\n\n\n\n<table id=\"tablepress-18\" class=\"tablepress tablepress-id-18\">\n<thead>\n<tr class=\"row-1\">\n\t<th class=\"column-1\"><center>CLUB A<\/center><\/th><th class=\"column-2\"><center>Score<\/center><\/th><th class=\"column-3\"><center>_<\/center><\/th><th class=\"column-4\"><center>Score<\/center><\/th><th class=\"column-5\"><center>CLUB B<\/center><\/th>\n<\/tr>\n<\/thead>\n<tbody class=\"row-striping row-hover\">\n<tr class=\"row-2\">\n\t<td class=\"column-1\"><center>LE RUSSEY<\/center><\/td><td class=\"column-2\"><center><\/center><\/td><td class=\"column-3\"><center>_<\/center><\/td><td class=\"column-4\"><center><\/center><\/td><td class=\"column-5\"><center>BOROILLOTTE<\/center><\/td>\n<\/tr>\n<\/tbody>\n<\/table>\n<!-- #tablepress-18 from cache -->\n\n\n<p>Rencontre du 14 Avril<\/p>\n\n\n\n<table id=\"tablepress-19\" class=\"tablepress tablepress-id-19\">\n<thead>\n<tr class=\"row-1\">\n\t<th class=\"column-1\"><center>CLUB A<\/center><\/th><th class=\"column-2\"><center>Score<\/center><\/th><th class=\"column-3\"><center>_<\/center><\/th><th class=\"column-4\"><center>Score<\/center><\/th><th class=\"column-5\"><center>CLUB B<\/center><\/th>\n<\/tr>\n<\/thead>\n<tbody class=\"row-striping row-hover\">\n<tr class=\"row-2\">\n\t<td class=\"column-1\"><center>THISE<\/center><\/td><td class=\"column-2\"><center>8<\/center><\/td><td class=\"column-3\"><center>_<\/center><\/td><td class=\"column-4\"><center>11<\/center><\/td><td class=\"column-5\"><center>LE RUSSEY<\/center><\/td>\n<\/tr>\n<tr class=\"row-3\">\n\t<td class=\"column-1\"><center>BOROILLOTTE<\/center><\/td><td class=\"column-2\"><center>19<\/center><\/td><td class=\"column-3\"><center>_<\/center><\/td><td class=\"column-4\"><center>0<\/center><\/td><td class=\"column-5\"><center>SAONE<\/center><\/td>\n<\/tr>\n<\/tbody>\n<\/table>\n<!-- #tablepress-19 from cache -->","protected":false},"excerpt":{"rendered":"<p>2026 Nouvelle : Feuille de match 2026 Les 14-15 f\u00e9vrier 2026 se sont d\u00e9roul\u00e9s les tours de coupe de France [&hellip;]<\/p>\n","protected":false},"author":1,"featured_media":0,"parent":0,"menu_order":0,"comment_status":"closed","ping_status":"closed","template":"","meta":{"site-sidebar-layout":"default","site-content-layout":"","ast-site-content-layout":"default","site-content-style":"default","site-sidebar-style":"default","ast-global-header-display":"","ast-banner-title-visibility":"","ast-main-header-display":"","ast-hfb-above-header-display":"","ast-hfb-below-header-display":"","ast-hfb-mobile-header-display":"","site-post-title":"","ast-breadcrumbs-content":"","ast-featured-img":"","footer-sml-layout":"","ast-disable-related-posts":"","theme-transparent-header-meta":"","adv-header-id-meta":"","stick-header-meta":"","header-above-stick-meta":"","header-main-stick-meta":"","header-below-stick-meta":"","astra-migrate-meta-layouts":"default","ast-page-background-enabled":"default","ast-page-background-meta":{"desktop":{"background-color":"var(--ast-global-color-4)","background-image":"","background-repeat":"repeat","background-position":"center center","background-size":"auto","background-attachment":"scroll","background-type":"","background-media":"","overlay-type":"","overlay-color":"","overlay-opacity":"","overlay-gradient":""},"tablet":{"background-color":"","background-image":"","background-repeat":"repeat","background-position":"center center","background-size":"auto","background-attachment":"scroll","background-type":"","background-media":"","overlay-type":"","overlay-color":"","overlay-opacity":"","overlay-gradient":""},"mobile":{"background-color":"","background-image":"","background-repeat":"repeat","background-position":"center center","background-size":"auto","background-attachment":"scroll","background-type":"","background-media":"","overlay-type":"","overlay-color":"","overlay-opacity":"","overlay-gradient":""}},"ast-content-background-meta":{"desktop":{"background-color":"var(--ast-global-color-5)","background-image":"","background-repeat":"repeat","background-position":"center center","background-size":"auto","background-attachment":"scroll","background-type":"","background-media":"","overlay-type":"","overlay-color":"","overlay-opacity":"","overlay-gradient":""},"tablet":{"background-color":"var(--ast-global-color-5)","background-image":"","background-repeat":"repeat","background-position":"center center","background-size":"auto","background-attachment":"scroll","background-type":"","background-media":"","overlay-type":"","overlay-color":"","overlay-opacity":"","overlay-gradient":""},"mobile":{"background-color":"var(--ast-global-color-5)","background-image":"","background-repeat":"repeat","background-position":"center center","background-size":"auto","background-attachment":"scroll","background-type":"","background-media":"","overlay-type":"","overlay-color":"","overlay-opacity":"","overlay-gradient":""}},"footnotes":""},"class_list":["post-3107","page","type-page","status-publish","hentry"],"jetpack_sharing_enabled":true,"_links":{"self":[{"href":"https:\/\/www.ffpjp25.com\/index.php\/wp-json\/wp\/v2\/pages\/3107","targetHints":{"allow":["GET"]}}],"collection":[{"href":"https:\/\/www.ffpjp25.com\/index.php\/wp-json\/wp\/v2\/pages"}],"about":[{"href":"https:\/\/www.ffpjp25.com\/index.php\/wp-json\/wp\/v2\/types\/page"}],"author":[{"embeddable":true,"href":"https:\/\/www.ffpjp25.com\/index.php\/wp-json\/wp\/v2\/users\/1"}],"replies":[{"embeddable":true,"href":"https:\/\/www.ffpjp25.com\/index.php\/wp-json\/wp\/v2\/comments?post=3107"}],"version-history":[{"count":27,"href":"https:\/\/www.ffpjp25.com\/index.php\/wp-json\/wp\/v2\/pages\/3107\/revisions"}],"predecessor-version":[{"id":13663,"href":"https:\/\/www.ffpjp25.com\/index.php\/wp-json\/wp\/v2\/pages\/3107\/revisions\/13663"}],"wp:attachment":[{"href":"https:\/\/www.ffpjp25.com\/index.php\/wp-json\/wp\/v2\/media?parent=3107"}],"curies":[{"name":"wp","href":"https:\/\/api.w.org\/{rel}","templated":true}]}}