{"id":1448,"date":"2022-12-08T09:55:10","date_gmt":"2022-12-08T07:55:10","guid":{"rendered":"https:\/\/www.ffpjp25.com\/?page_id=1448"},"modified":"2025-12-29T09:24:34","modified_gmt":"2025-12-29T08:24:34","slug":"dates-et-lieux-cdf","status":"publish","type":"page","link":"https:\/\/www.ffpjp25.com\/index.php\/dates-et-lieux-cdf\/","title":{"rendered":"Dates et Lieux CDF"},"content":{"rendered":"\n<figure class=\"wp-block-image size-large is-resized\"><img loading=\"lazy\" decoding=\"async\" width=\"1024\" height=\"768\" src=\"https:\/\/www.ffpjp25.com\/wp-content\/uploads\/2022\/12\/Drapeau-Francais-1024x768.jpg\" alt=\"\" class=\"wp-image-1451\" style=\"width:120px;height:auto\"\/><\/figure>\n\n\n\n<h2 class=\"wp-block-heading has-text-align-center has-large-font-size\"><strong>2026<\/strong><\/h2>\n\n\n\n<table id=\"tablepress-22\" class=\"tablepress tablepress-id-22\">\n<thead>\n<tr class=\"row-1\">\n\t<th class=\"column-1\">Championnats France<\/th><th class=\"column-2\">Date<\/th><th class=\"column-3\">Lieu CDF<\/th>\n<\/tr>\n<\/thead>\n<tbody class=\"row-striping row-hover\">\n<tr class=\"row-2\">\n\t<td class=\"column-1\">Triplette Promotion<\/td><td class=\"column-2\">22 -23 Ao\u00fbt 2026<\/td><td class=\"column-3\">SAINT YRIEIX (16)<\/td>\n<\/tr>\n<tr class=\"row-3\">\n\t<td class=\"column-1\">Doublette F\u00e9minin<\/td><td class=\"column-2\">25-26 Juillet 2026<\/td><td class=\"column-3\">BERGERAC (24)<\/td>\n<\/tr>\n<tr class=\"row-4\">\n\t<td class=\"column-1\">T\u00eate \u00e0 t\u00eate Masculin<\/td><td class=\"column-2\">25-26 Juillet 2026<\/td><td class=\"column-3\">BERGERAC (24)<\/td>\n<\/tr>\n<tr class=\"row-5\">\n\t<td class=\"column-1\">Triplette Jeu Provencal<\/td><td class=\"column-2\">3-4-5 Juillet 2026<\/td><td class=\"column-3\">BLAYE LES MINES (81)<\/td>\n<\/tr>\n<tr class=\"row-6\">\n\t<td class=\"column-1\">Triplette Masculin<\/td><td class=\"column-2\">20-21 Juin 2026<\/td><td class=\"column-3\">SIN-LE-NOBLE (59)<\/td>\n<\/tr>\n<tr class=\"row-7\">\n\t<td class=\"column-1\">Triplette F\u00e9minin<\/td><td class=\"column-2\">20-21 Juin 2026<\/td><td class=\"column-3\">SIN-LE-NOBLE (59)<\/td>\n<\/tr>\n<tr class=\"row-8\">\n\t<td class=\"column-1\">Triplette Jeune Junior<\/td><td class=\"column-2\">11-12 Juillet 2026<\/td><td class=\"column-3\">BLAYE LES MINES (81)<\/td>\n<\/tr>\n<tr class=\"row-9\">\n\t<td class=\"column-1\">Triplette Jeune Cadet<\/td><td class=\"column-2\">11-12 Juillet 2026<\/td><td class=\"column-3\">BLAYE LES MINES (81)<\/td>\n<\/tr>\n<tr class=\"row-10\">\n\t<td class=\"column-1\">Triplette Jeune Minime<\/td><td class=\"column-2\">11-12 Juillet 2026<\/td><td class=\"column-3\">BLAYE LES MINES (81)<\/td>\n<\/tr>\n<tr class=\"row-11\">\n\t<td class=\"column-1\">Doublette Mixte<\/td><td class=\"column-2\">27-28 Juin 2026<\/td><td class=\"column-3\">AJACCIO (2A)<\/td>\n<\/tr>\n<tr class=\"row-12\">\n\t<td class=\"column-1\">Triplette V\u00e9t\u00e9rans<\/td><td class=\"column-2\">19-20 Ao\u00fbt 2026<\/td><td class=\"column-3\">SAINT YRIEIX (16)<\/td>\n<\/tr>\n<tr class=\"row-13\">\n\t<td class=\"column-1\">Doublette Masculin<\/td><td class=\"column-2\">29-30 Ao\u00fbt 2026<\/td><td class=\"column-3\">SAINT FLORENTIN (89)<\/td>\n<\/tr>\n<tr class=\"row-14\">\n\t<td class=\"column-1\">T\u00eate \u00e0 T\u00eate F\u00e9minin<\/td><td class=\"column-2\">29-30 Ao\u00fbt 2026<\/td><td class=\"column-3\">SAINT FLORENTIN (89)<\/td>\n<\/tr>\n<tr class=\"row-15\">\n\t<td class=\"column-1\">Triplette Mixte<\/td><td class=\"column-2\">18-19 Juillet 2026<\/td><td class=\"column-3\">NICE (06)<\/td>\n<\/tr>\n<tr class=\"row-16\">\n\t<td class=\"column-1\">Doublette Jeu Provencal<\/td><td class=\"column-2\">4-5-6 Septembre 2026<\/td><td class=\"column-3\">BRIAN\u00c7ON (05)<\/td>\n<\/tr>\n<\/tbody>\n<\/table>\n<!-- #tablepress-22 from cache -->\n","protected":false},"excerpt":{"rendered":"<p>2026<\/p>\n","protected":false},"author":1,"featured_media":0,"parent":0,"menu_order":0,"comment_status":"closed","ping_status":"closed","template":"","meta":{"site-sidebar-layout":"default","site-content-layout":"","ast-site-content-layout":"default","site-content-style":"default","site-sidebar-style":"default","ast-global-header-display":"","ast-banner-title-visibility":"","ast-main-header-display":"","ast-hfb-above-header-display":"","ast-hfb-below-header-display":"","ast-hfb-mobile-header-display":"","site-post-title":"","ast-breadcrumbs-content":"","ast-featured-img":"","footer-sml-layout":"","ast-disable-related-posts":"","theme-transparent-header-meta":"","adv-header-id-meta":"","stick-header-meta":"","header-above-stick-meta":"","header-main-stick-meta":"","header-below-stick-meta":"","astra-migrate-meta-layouts":"default","ast-page-background-enabled":"default","ast-page-background-meta":{"desktop":{"background-color":"var(--ast-global-color-4)","background-image":"","background-repeat":"repeat","background-position":"center center","background-size":"auto","background-attachment":"scroll","background-type":"","background-media":"","overlay-type":"","overlay-color":"","overlay-opacity":"","overlay-gradient":""},"tablet":{"background-color":"","background-image":"","background-repeat":"repeat","background-position":"center center","background-size":"auto","background-attachment":"scroll","background-type":"","background-media":"","overlay-type":"","overlay-color":"","overlay-opacity":"","overlay-gradient":""},"mobile":{"background-color":"","background-image":"","background-repeat":"repeat","background-position":"center center","background-size":"auto","background-attachment":"scroll","background-type":"","background-media":"","overlay-type":"","overlay-color":"","overlay-opacity":"","overlay-gradient":""}},"ast-content-background-meta":{"desktop":{"background-color":"var(--ast-global-color-5)","background-image":"","background-repeat":"repeat","background-position":"center center","background-size":"auto","background-attachment":"scroll","background-type":"","background-media":"","overlay-type":"","overlay-color":"","overlay-opacity":"","overlay-gradient":""},"tablet":{"background-color":"var(--ast-global-color-5)","background-image":"","background-repeat":"repeat","background-position":"center center","background-size":"auto","background-attachment":"scroll","background-type":"","background-media":"","overlay-type":"","overlay-color":"","overlay-opacity":"","overlay-gradient":""},"mobile":{"background-color":"var(--ast-global-color-5)","background-image":"","background-repeat":"repeat","background-position":"center center","background-size":"auto","background-attachment":"scroll","background-type":"","background-media":"","overlay-type":"","overlay-color":"","overlay-opacity":"","overlay-gradient":""}},"footnotes":""},"class_list":["post-1448","page","type-page","status-publish","hentry"],"jetpack_sharing_enabled":true,"_links":{"self":[{"href":"https:\/\/www.ffpjp25.com\/index.php\/wp-json\/wp\/v2\/pages\/1448","targetHints":{"allow":["GET"]}}],"collection":[{"href":"https:\/\/www.ffpjp25.com\/index.php\/wp-json\/wp\/v2\/pages"}],"about":[{"href":"https:\/\/www.ffpjp25.com\/index.php\/wp-json\/wp\/v2\/types\/page"}],"author":[{"embeddable":true,"href":"https:\/\/www.ffpjp25.com\/index.php\/wp-json\/wp\/v2\/users\/1"}],"replies":[{"embeddable":true,"href":"https:\/\/www.ffpjp25.com\/index.php\/wp-json\/wp\/v2\/comments?post=1448"}],"version-history":[{"count":32,"href":"https:\/\/www.ffpjp25.com\/index.php\/wp-json\/wp\/v2\/pages\/1448\/revisions"}],"predecessor-version":[{"id":13354,"href":"https:\/\/www.ffpjp25.com\/index.php\/wp-json\/wp\/v2\/pages\/1448\/revisions\/13354"}],"wp:attachment":[{"href":"https:\/\/www.ffpjp25.com\/index.php\/wp-json\/wp\/v2\/media?parent=1448"}],"curies":[{"name":"wp","href":"https:\/\/api.w.org\/{rel}","templated":true}]}}